{"id":2386,"date":"2000-12-13T00:00:00","date_gmt":"2000-12-13T00:00:00","guid":{"rendered":"https:\/\/miners.rocks\/product\/verst-baumfarn-raritaet\/"},"modified":"2020-05-19T16:57:51","modified_gmt":"2020-05-19T16:57:51","slug":"fougere-arborescente-rare","status":"publish","type":"product","link":"https:\/\/westgem.shop\/fr\/produit\/fougere-arborescente-rare\/","title":{"rendered":"Verst. Foug\u00e8re arborescente - raret\u00e9"},"content":{"rendered":"<p>Polie d'un c\u00f4t\u00e9 - compl\u00e8te avec la cro\u00fbte - une pi\u00e8ce de bord avec une surface de coupe polie.<\/p>\n<p>Pi\u00e8ce justificative tr\u00e8s int\u00e9ressante pour FOURAGES D'ARBRE - plus de 250 millions d'ann\u00e9es.<\/p>\n<p>Description et lieu de d\u00e9couverte pour l'art. VH - 003<\/p>\n<p>Poids : 0,85 kilogramme Dimensions : 18 x 10 x 6 cm<\/p>\n<p>Image 1 avec effet d'ombre pour mieux repr\u00e9senter la structure des faisceaux conducteurs - en lumi\u00e8re normale un peu plus claire, comme l'image 2 .<\/p>\n<p>L'image 4 est le verso tr\u00e8s int\u00e9ressant.<\/p>","protected":false},"excerpt":{"rendered":"<p>Polie d'un c\u00f4t\u00e9 - compl\u00e8te avec \u00e9corce - un morceau de bord avec surface de coupe polie. Pi\u00e8ce tr\u00e8s int\u00e9ressante pour la FOURRE D'ARBRE - plus de 250 millions d'ann\u00e9es. Description et lieu de d\u00e9couverte \u00e0 l'art. VH - 003 Poids : 0,85 kilogramme Dimensions : 18 x 10 x 6 cm Photo 1 avec effet d'ombre pour mieux montrer la structure des faisceaux conducteurs - en lumi\u00e8re normale un peu plus claire, comme [...].<\/p>","protected":false},"featured_media":3120,"template":"","meta":{"_acf_changed":false},"region":[],"product_brand":[],"product_cat":[15],"product_tag":[],"class_list":{"0":"post-2386","1":"product","2":"type-product","3":"status-publish","4":"has-post-thumbnail","6":"product_cat-mineralien","8":"first","9":"outofstock","10":"sold-individually","11":"product-type-simple"},"acf":[],"_links":{"self":[{"href":"https:\/\/westgem.shop\/fr\/wp-json\/wp\/v2\/product\/2386","targetHints":{"allow":["GET"]}}],"collection":[{"href":"https:\/\/westgem.shop\/fr\/wp-json\/wp\/v2\/product"}],"about":[{"href":"https:\/\/westgem.shop\/fr\/wp-json\/wp\/v2\/types\/product"}],"wp:featuredmedia":[{"embeddable":true,"href":"https:\/\/westgem.shop\/fr\/wp-json\/wp\/v2\/media\/3120"}],"wp:attachment":[{"href":"https:\/\/westgem.shop\/fr\/wp-json\/wp\/v2\/media?parent=2386"}],"wp:term":[{"taxonomy":"region","embeddable":true,"href":"https:\/\/westgem.shop\/fr\/wp-json\/wp\/v2\/region?post=2386"},{"taxonomy":"product_brand","embeddable":true,"href":"https:\/\/westgem.shop\/fr\/wp-json\/wp\/v2\/product_brand?post=2386"},{"taxonomy":"product_cat","embeddable":true,"href":"https:\/\/westgem.shop\/fr\/wp-json\/wp\/v2\/product_cat?post=2386"},{"taxonomy":"product_tag","embeddable":true,"href":"https:\/\/westgem.shop\/fr\/wp-json\/wp\/v2\/product_tag?post=2386"}],"curies":[{"name":"wp","href":"https:\/\/api.w.org\/{rel}","templated":true}]}}