{"id":2387,"date":"2000-12-14T00:00:00","date_gmt":"2000-12-14T00:00:00","guid":{"rendered":"https:\/\/miners.rocks\/product\/eisenglimmer-mit-pyrit-xx-waldenstein\/"},"modified":"2020-05-19T16:57:52","modified_gmt":"2020-05-19T16:57:52","slug":"fer-micace-avec-pyrite-xx-waldenstein","status":"publish","type":"product","link":"https:\/\/westgem.shop\/fr\/produit\/fer-micace-avec-pyrite-xx-waldenstein\/","title":{"rendered":"EISENGLIMMER avec PYRIT xx - Waldenstein"},"content":{"rendered":"<p>Le FEUGLIMENT est un min\u00e9ral industriel rare. Une peinture antirouille tr\u00e8s appr\u00e9ci\u00e9e dans le monde entier est fabriqu\u00e9e \u00e0 partir du FER GLIMMAIRE et est actuellement export\u00e9e dans 80 pays du monde.<\/p>\n<p>Waldensteiner EISENGLIMMER est un min\u00e9ral cristallin d'oxyde de fer (oxyde de fer III) avec parfois de la belle PYRITE xx et de l'h\u00e9matite.<\/p>\n<p> Pi\u00e8ce justificative de cette exploitation mini\u00e8re d'un poids de 660 g<\/p>\n<p>Dimensions : 10 x 8 x 8 cm<\/p>","protected":false},"excerpt":{"rendered":"<p>Le FEUGLIMENT est un min\u00e9ral industriel rare. Il est utilis\u00e9 pour fabriquer une peinture antirouille tr\u00e8s appr\u00e9ci\u00e9e dans le monde entier et actuellement export\u00e9e dans 80 pays. Waldensteiner EISENGLIMMER est un min\u00e9ral cristallin d'oxyde de fer (oxyde de fer III) avec parfois de la belle PYRITE xx et de l'h\u00e9matite. Pi\u00e8ce justificative de cette mine d'un poids de 660 g Dimensions : [...]<\/p>","protected":false},"featured_media":3123,"template":"","meta":{"_acf_changed":false},"region":[],"product_brand":[],"product_cat":[15],"product_tag":[],"class_list":{"0":"post-2387","1":"product","2":"type-product","3":"status-publish","4":"has-post-thumbnail","6":"product_cat-mineralien","8":"first","9":"outofstock","10":"sold-individually","11":"product-type-simple"},"acf":[],"_links":{"self":[{"href":"https:\/\/westgem.shop\/fr\/wp-json\/wp\/v2\/product\/2387","targetHints":{"allow":["GET"]}}],"collection":[{"href":"https:\/\/westgem.shop\/fr\/wp-json\/wp\/v2\/product"}],"about":[{"href":"https:\/\/westgem.shop\/fr\/wp-json\/wp\/v2\/types\/product"}],"wp:featuredmedia":[{"embeddable":true,"href":"https:\/\/westgem.shop\/fr\/wp-json\/wp\/v2\/media\/3123"}],"wp:attachment":[{"href":"https:\/\/westgem.shop\/fr\/wp-json\/wp\/v2\/media?parent=2387"}],"wp:term":[{"taxonomy":"region","embeddable":true,"href":"https:\/\/westgem.shop\/fr\/wp-json\/wp\/v2\/region?post=2387"},{"taxonomy":"product_brand","embeddable":true,"href":"https:\/\/westgem.shop\/fr\/wp-json\/wp\/v2\/product_brand?post=2387"},{"taxonomy":"product_cat","embeddable":true,"href":"https:\/\/westgem.shop\/fr\/wp-json\/wp\/v2\/product_cat?post=2387"},{"taxonomy":"product_tag","embeddable":true,"href":"https:\/\/westgem.shop\/fr\/wp-json\/wp\/v2\/product_tag?post=2387"}],"curies":[{"name":"wp","href":"https:\/\/api.w.org\/{rel}","templated":true}]}}