{"id":2388,"date":"2000-12-15T00:00:00","date_gmt":"2000-12-15T00:00:00","guid":{"rendered":"https:\/\/miners.rocks\/product\/albit-xx-mit-titanit-xx-hoher-atlas\/"},"modified":"2020-05-19T16:57:52","modified_gmt":"2020-05-19T16:57:52","slug":"albit-xx-avec-titanite-xx-haut-atlas","status":"publish","type":"product","link":"https:\/\/westgem.shop\/fr\/produit\/albit-xx-avec-titanite-xx-haut-atlas\/","title":{"rendered":"Albite xx avec titanite xx - Haut Atlas"},"content":{"rendered":"<p>Etage cristallin du Haut ATLAS avec de nombreux cristaux de feldspath ALBIT.<\/p>\n<p>Sur le c\u00f4t\u00e9, il y a quelques cristaux de TITANITE (SPHEN) d'un beau vert.<\/p>\n<p>Le site est la province d'Er RachiDia dans le Haut Arlas en Afrique du Nord.<\/p>\n<p>Poids : 280 g Dimensions : 12 x 7 x 6 cm<\/p>","protected":false},"excerpt":{"rendered":"<p>Etage cristallin du Haut ATLAS avec de nombreux cristaux de feldspath ALBIT. Sur le c\u00f4t\u00e9, quelques cristaux de TITANITE (SPHEN) d'un beau vert. Le site de la d\u00e9couverte est la province d'Er RachiDia dans le Haut Arlas en Afrique du Nord Poids : 280 g Dimensions : 12 x 7 x 6 cm<\/p>","protected":false},"featured_media":3127,"template":"","meta":{"_acf_changed":false},"region":[],"product_brand":[],"product_cat":[15],"product_tag":[],"class_list":{"0":"post-2388","1":"product","2":"type-product","3":"status-publish","4":"has-post-thumbnail","6":"product_cat-mineralien","8":"first","9":"outofstock","10":"sold-individually","11":"product-type-simple"},"acf":[],"_links":{"self":[{"href":"https:\/\/westgem.shop\/fr\/wp-json\/wp\/v2\/product\/2388","targetHints":{"allow":["GET"]}}],"collection":[{"href":"https:\/\/westgem.shop\/fr\/wp-json\/wp\/v2\/product"}],"about":[{"href":"https:\/\/westgem.shop\/fr\/wp-json\/wp\/v2\/types\/product"}],"wp:featuredmedia":[{"embeddable":true,"href":"https:\/\/westgem.shop\/fr\/wp-json\/wp\/v2\/media\/3127"}],"wp:attachment":[{"href":"https:\/\/westgem.shop\/fr\/wp-json\/wp\/v2\/media?parent=2388"}],"wp:term":[{"taxonomy":"region","embeddable":true,"href":"https:\/\/westgem.shop\/fr\/wp-json\/wp\/v2\/region?post=2388"},{"taxonomy":"product_brand","embeddable":true,"href":"https:\/\/westgem.shop\/fr\/wp-json\/wp\/v2\/product_brand?post=2388"},{"taxonomy":"product_cat","embeddable":true,"href":"https:\/\/westgem.shop\/fr\/wp-json\/wp\/v2\/product_cat?post=2388"},{"taxonomy":"product_tag","embeddable":true,"href":"https:\/\/westgem.shop\/fr\/wp-json\/wp\/v2\/product_tag?post=2388"}],"curies":[{"name":"wp","href":"https:\/\/api.w.org\/{rel}","templated":true}]}}