{"id":2396,"date":"2000-12-23T00:00:00","date_gmt":"2000-12-23T00:00:00","guid":{"rendered":"https:\/\/miners.rocks\/product\/feuerstein-gro%ef%ac%82es-rohstueck\/"},"modified":"2020-05-19T16:57:56","modified_gmt":"2020-05-19T16:57:56","slug":"brique-de-feu-grand%ef%ac%82es-bruts","status":"publish","type":"product","link":"https:\/\/westgem.shop\/fr\/produit\/brique-de-feu-grand%ef%ac%82es-bruts\/","title":{"rendered":"FEUERSTEIN - Grosse pi\u00e8ce brute"},"content":{"rendered":"<p>Grande pi\u00e8ce d\u00e9corative.<\/p>\n<p>poids : 2,1 kilogrammes<\/p>\n<p>Dimensions : 17 x 11 x 9 cm<\/p>","protected":false},"excerpt":{"rendered":"<p>Grande pi\u00e8ce de d\u00e9coration. Poids : 2,1 kilogrammes Dimensions : 17 x 11 x 9 cm<\/p>","protected":false},"featured_media":3146,"template":"","meta":{"_acf_changed":false},"region":[],"product_brand":[],"product_cat":[15],"product_tag":[],"class_list":{"0":"post-2396","1":"product","2":"type-product","3":"status-publish","4":"has-post-thumbnail","6":"product_cat-mineralien","8":"first","9":"outofstock","10":"sold-individually","11":"product-type-simple"},"acf":[],"_links":{"self":[{"href":"https:\/\/westgem.shop\/fr\/wp-json\/wp\/v2\/product\/2396","targetHints":{"allow":["GET"]}}],"collection":[{"href":"https:\/\/westgem.shop\/fr\/wp-json\/wp\/v2\/product"}],"about":[{"href":"https:\/\/westgem.shop\/fr\/wp-json\/wp\/v2\/types\/product"}],"wp:featuredmedia":[{"embeddable":true,"href":"https:\/\/westgem.shop\/fr\/wp-json\/wp\/v2\/media\/3146"}],"wp:attachment":[{"href":"https:\/\/westgem.shop\/fr\/wp-json\/wp\/v2\/media?parent=2396"}],"wp:term":[{"taxonomy":"region","embeddable":true,"href":"https:\/\/westgem.shop\/fr\/wp-json\/wp\/v2\/region?post=2396"},{"taxonomy":"product_brand","embeddable":true,"href":"https:\/\/westgem.shop\/fr\/wp-json\/wp\/v2\/product_brand?post=2396"},{"taxonomy":"product_cat","embeddable":true,"href":"https:\/\/westgem.shop\/fr\/wp-json\/wp\/v2\/product_cat?post=2396"},{"taxonomy":"product_tag","embeddable":true,"href":"https:\/\/westgem.shop\/fr\/wp-json\/wp\/v2\/product_tag?post=2396"}],"curies":[{"name":"wp","href":"https:\/\/api.w.org\/{rel}","templated":true}]}}