{"id":2398,"date":"2000-12-25T00:00:00","date_gmt":"2000-12-25T00:00:00","guid":{"rendered":"https:\/\/miners.rocks\/product\/roh-feuerstein-madagaskar\/"},"modified":"2020-05-19T16:57:57","modified_gmt":"2020-05-19T16:57:57","slug":"silex-brut-de-madagascar","status":"publish","type":"product","link":"https:\/\/westgem.shop\/fr\/produit\/silex-brut-de-madagascar\/","title":{"rendered":"ROH FEUERSTEIN -Madagascar"},"content":{"rendered":"<p>Ce mat\u00e9riau est propos\u00e9 depuis longtemps d\u00e9j\u00e0 sous le nom de jaspe. Aux \u00c9tats-Unis en particulier, on utilise le nom de jaspe polychrome ou jaspe dessert. Chez nous, on utilise le jaspe polychrome ou le jaspe image.<\/p>\n<p>Le JASPIS est un quartz cryptocristallin \u00e0 la structure finement granuleuse. Dans le commerce de la bijouterie, toutes sortes de pierres et de marbres sont constamment propos\u00e9s sous le nom de jaspe, car il semble que le nom de jaspe soit plus facile \u00e0 vendre.<\/p>\n<p>Notre produit brut pr\u00e9sente toutefois une formation de tubercules \u00e9vidente, avec une cro\u00fbte ext\u00e9rieure clairement reconnaissable et une cassure tranchante comme un couteau - typique des<\/p>\n<p>CHALC\u00c9DOINE - PIERRE \u00c0 FEU.<\/p>\n<p>Trouv\u00e9 \u00e0 Mahajunga dans le nord de Madagascar<\/p>\n<p>le poids de cette pi\u00e8ce est de 1,2 kilogramme<\/p>\n<p>Dimensions : 13 x 11 x 7 cm L'image 4 est la face inf\u00e9rieure.<\/p>","protected":false},"excerpt":{"rendered":"<p>Ce mat\u00e9riau est propos\u00e9 depuis longtemps d\u00e9j\u00e0 sous le nom de jaspe. Aux \u00c9tats-Unis en particulier, on utilise le nom de jaspe polychrome ou jaspe dessert. Chez nous, on utilise couramment le jaspe polychrome ou le jaspe image. JASPIS est un quartz cryptocristallin avec une structure \u00e0 grains fins, en particulier dans le commerce de bijoux, toutes sortes de roches et de marbres sont [...].<\/p>","protected":false},"featured_media":3151,"template":"","meta":{"_acf_changed":false},"region":[],"product_brand":[],"product_cat":[15],"product_tag":[],"class_list":{"0":"post-2398","1":"product","2":"type-product","3":"status-publish","4":"has-post-thumbnail","6":"product_cat-mineralien","8":"first","9":"outofstock","10":"sold-individually","11":"product-type-simple"},"acf":[],"_links":{"self":[{"href":"https:\/\/westgem.shop\/fr\/wp-json\/wp\/v2\/product\/2398","targetHints":{"allow":["GET"]}}],"collection":[{"href":"https:\/\/westgem.shop\/fr\/wp-json\/wp\/v2\/product"}],"about":[{"href":"https:\/\/westgem.shop\/fr\/wp-json\/wp\/v2\/types\/product"}],"wp:featuredmedia":[{"embeddable":true,"href":"https:\/\/westgem.shop\/fr\/wp-json\/wp\/v2\/media\/3151"}],"wp:attachment":[{"href":"https:\/\/westgem.shop\/fr\/wp-json\/wp\/v2\/media?parent=2398"}],"wp:term":[{"taxonomy":"region","embeddable":true,"href":"https:\/\/westgem.shop\/fr\/wp-json\/wp\/v2\/region?post=2398"},{"taxonomy":"product_brand","embeddable":true,"href":"https:\/\/westgem.shop\/fr\/wp-json\/wp\/v2\/product_brand?post=2398"},{"taxonomy":"product_cat","embeddable":true,"href":"https:\/\/westgem.shop\/fr\/wp-json\/wp\/v2\/product_cat?post=2398"},{"taxonomy":"product_tag","embeddable":true,"href":"https:\/\/westgem.shop\/fr\/wp-json\/wp\/v2\/product_tag?post=2398"}],"curies":[{"name":"wp","href":"https:\/\/api.w.org\/{rel}","templated":true}]}}