{"id":2399,"date":"2000-12-26T00:00:00","date_gmt":"2000-12-26T00:00:00","guid":{"rendered":"https:\/\/miners.rocks\/product\/museumsstufe-erzberg\/"},"modified":"2020-05-19T16:57:58","modified_gmt":"2020-05-19T16:57:58","slug":"niveau-du-musee-erzberg","status":"publish","type":"product","link":"https:\/\/westgem.shop\/fr\/produit\/niveau-du-musee-erzberg\/","title":{"rendered":"NIVEAU DU MUS\u00c9E - ERZBERG"},"content":{"rendered":"<p>Une occasion unique !   <u>R\u00c9SERV\u00c9E JUSQU'AU 24 AO\u00dbT<\/u><\/p>\n<p>Nous tenons ce MUSEUMSSTUFE des h\u00e9ritiers d'un ministre autrichien des constructions et de la technique, qui a re\u00e7u cette pi\u00e8ce exceptionnelle \u00e0 l'occasion d'un hommage rendu dans la plus grande mine d'Autriche - l'Erzberg styrien - dans les ann\u00e9es 1970.<\/p>\n<p>Magnifique. Grande AIGUILLE ARAGONITE - une des plus grandes jamais trouv\u00e9es \u00e0 Erzberg, dans une vitrine en verre avec plaquette originale.<\/p>\n<p>Poids total : 14 kilogrammes !<\/p>\n<p>Dimensions : Vitrine avec fond en noyer - 45 x 31 x 29 cm  <\/p>\n<p>L'\u00c9TAPE D'ARAGONITE DE L'AIGUILLE mesure 35 cm de long, 18 cm de large et 23 cm de haut.<\/p>\n<p>Cette pi\u00e8ce ne peut pas \u00eatre exp\u00e9di\u00e9e !  En cas d'int\u00e9r\u00eat, cette pi\u00e8ce devrait \u00eatre retir\u00e9e dans notre magasin - ou il faudrait discuter d'un autre mode de livraison - \u00e9ventuellement par transporteur,.<\/p>\n<p>Quoi qu'il en soit, si un achat est envisag\u00e9, nous vous prions de nous contacter au pr\u00e9alable par t\u00e9l\u00e9phone ou par e-mail.<\/p>\n<p>L'image 6 est l'arri\u00e8re des marches.<\/p>","protected":false},"excerpt":{"rendered":"<p>Une occasion unique ! R\u00c9SERV\u00c9E JUSQU'AU 24 AO\u00dbT Nous avons re\u00e7u cette PI\u00c8CE DE MUS\u00c9E des h\u00e9ritiers d'un ministre autrichien des constructions et de la technique, qui a re\u00e7u cette pi\u00e8ce exceptionnelle \u00e0 l'occasion d'un hommage rendu dans la plus grande mine d'Autriche - l'Erzberg styrien - dans les ann\u00e9es 1970. Magnifique. Grande ARAGONITE AIGUILLE - une des plus grandes jamais trouv\u00e9es \u00e0 l'Erzberg [...].<\/p>","protected":false},"featured_media":3154,"template":"","meta":{"_acf_changed":false},"region":[],"product_brand":[],"product_cat":[15],"product_tag":[],"class_list":{"0":"post-2399","1":"product","2":"type-product","3":"status-publish","4":"has-post-thumbnail","6":"product_cat-mineralien","8":"first","9":"outofstock","10":"sold-individually","11":"product-type-simple"},"acf":[],"_links":{"self":[{"href":"https:\/\/westgem.shop\/fr\/wp-json\/wp\/v2\/product\/2399","targetHints":{"allow":["GET"]}}],"collection":[{"href":"https:\/\/westgem.shop\/fr\/wp-json\/wp\/v2\/product"}],"about":[{"href":"https:\/\/westgem.shop\/fr\/wp-json\/wp\/v2\/types\/product"}],"wp:featuredmedia":[{"embeddable":true,"href":"https:\/\/westgem.shop\/fr\/wp-json\/wp\/v2\/media\/3154"}],"wp:attachment":[{"href":"https:\/\/westgem.shop\/fr\/wp-json\/wp\/v2\/media?parent=2399"}],"wp:term":[{"taxonomy":"region","embeddable":true,"href":"https:\/\/westgem.shop\/fr\/wp-json\/wp\/v2\/region?post=2399"},{"taxonomy":"product_brand","embeddable":true,"href":"https:\/\/westgem.shop\/fr\/wp-json\/wp\/v2\/product_brand?post=2399"},{"taxonomy":"product_cat","embeddable":true,"href":"https:\/\/westgem.shop\/fr\/wp-json\/wp\/v2\/product_cat?post=2399"},{"taxonomy":"product_tag","embeddable":true,"href":"https:\/\/westgem.shop\/fr\/wp-json\/wp\/v2\/product_tag?post=2399"}],"curies":[{"name":"wp","href":"https:\/\/api.w.org\/{rel}","templated":true}]}}