{"id":2400,"date":"2000-12-27T00:00:00","date_gmt":"2000-12-27T00:00:00","guid":{"rendered":"https:\/\/miners.rocks\/product\/pyrit-in-haematit-koralpe\/"},"modified":"2020-05-19T16:57:59","modified_gmt":"2020-05-19T16:57:59","slug":"pyrite-dans-lhematite-corallienne","status":"publish","type":"product","link":"https:\/\/westgem.shop\/fr\/produit\/pyrite-dans-lhematite-corallienne\/","title":{"rendered":"PYRITE en H\u00c9MATITE - CORALE"},"content":{"rendered":"<p>Abondance de PYRITE xx dans de l'h\u00e9matite finement \u00e9caill\u00e9e (fer micac\u00e9).<\/p>\n<p>localisation de la trouvaille : Waldenstein - Koralpe - Carinthie<\/p>\n<p>poids : 1,6 kilogramme<\/p>\n<p>Dimensions : 16 x 9 x 5 cm<\/p>\n<p>Malheureusement, les couleurs sur les photos ne sont pas aussi belles que dans la nature. L'h\u00e9matite est noire comme du jais - m\u00e9tallique et brillante et les PYRITE sont jaune or - brillantes.<\/p>","protected":false},"excerpt":{"rendered":"<p>Abondance de PYRITE xx dans une h\u00e9matite finement \u00e9caill\u00e9e (fer micac\u00e9). Lieu de d\u00e9couverte : Waldenstein - Koralpe - Carinthie Poids : 1,6 kilogramme Dimensions : 16 x 9 x 5 cm Malheureusement, les couleurs des photos ne sont pas aussi bonnes que dans la nature. L'h\u00e9matite est noire - m\u00e9tallique - brillante et les PYRITES sont jaune - or - brillantes.<\/p>","protected":false},"featured_media":3158,"template":"","meta":{"_acf_changed":false},"region":[],"product_brand":[],"product_cat":[15],"product_tag":[],"class_list":{"0":"post-2400","1":"product","2":"type-product","3":"status-publish","4":"has-post-thumbnail","6":"product_cat-mineralien","8":"first","9":"outofstock","10":"sold-individually","11":"product-type-simple"},"acf":[],"_links":{"self":[{"href":"https:\/\/westgem.shop\/fr\/wp-json\/wp\/v2\/product\/2400","targetHints":{"allow":["GET"]}}],"collection":[{"href":"https:\/\/westgem.shop\/fr\/wp-json\/wp\/v2\/product"}],"about":[{"href":"https:\/\/westgem.shop\/fr\/wp-json\/wp\/v2\/types\/product"}],"wp:featuredmedia":[{"embeddable":true,"href":"https:\/\/westgem.shop\/fr\/wp-json\/wp\/v2\/media\/3158"}],"wp:attachment":[{"href":"https:\/\/westgem.shop\/fr\/wp-json\/wp\/v2\/media?parent=2400"}],"wp:term":[{"taxonomy":"region","embeddable":true,"href":"https:\/\/westgem.shop\/fr\/wp-json\/wp\/v2\/region?post=2400"},{"taxonomy":"product_brand","embeddable":true,"href":"https:\/\/westgem.shop\/fr\/wp-json\/wp\/v2\/product_brand?post=2400"},{"taxonomy":"product_cat","embeddable":true,"href":"https:\/\/westgem.shop\/fr\/wp-json\/wp\/v2\/product_cat?post=2400"},{"taxonomy":"product_tag","embeddable":true,"href":"https:\/\/westgem.shop\/fr\/wp-json\/wp\/v2\/product_tag?post=2400"}],"curies":[{"name":"wp","href":"https:\/\/api.w.org\/{rel}","templated":true}]}}