{"id":2401,"date":"2000-12-28T00:00:00","date_gmt":"2000-12-28T00:00:00","guid":{"rendered":"https:\/\/miners.rocks\/product\/mookait-rohstein-2\/"},"modified":"2020-05-19T16:58:00","modified_gmt":"2020-05-19T16:58:00","slug":"pierre-brute-mookait-2","status":"publish","type":"product","link":"https:\/\/westgem.shop\/fr\/produit\/pierre-brute-mookait-2\/","title":{"rendered":"Pierre brute de mookait"},"content":{"rendered":"<p>CHALC\u00c9DOINE - OPALITE -CHERT<\/p>\n<p>Les superbes couleurs proviennent du fer, du mangan\u00e8se et des radiolaires.<\/p>\n<p>plus d'un milliard d'ann\u00e9es<\/p>\n<p>Le seul endroit o\u00f9 on le trouve est la r\u00e9gion de la rivi\u00e8re Gascoyne - Mooka Country<\/p>\n<p>Australie occidentale<\/p>\n<p>poids : 1,9 kilogramme<\/p>\n<p>Dimensions : 13 x 12 x 9 cm<\/p>","protected":false},"excerpt":{"rendered":"<p>CHALCEDON - OPALITE -CHERT Les superbes couleurs proviennent du fer, du mangan\u00e8se et des radiolaires. plus d'un milliard d'ann\u00e9es Le seul site de d\u00e9couverte est la r\u00e9gion de la rivi\u00e8re Gascoyne - Mooka Country Australie occidentale Poids : 1,9 kilogramme Dimensions : 13 x 12 x 9 cm<\/p>","protected":false},"featured_media":3169,"template":"","meta":{"_acf_changed":false},"region":[],"product_brand":[],"product_cat":[15],"product_tag":[],"class_list":{"0":"post-2401","1":"product","2":"type-product","3":"status-publish","4":"has-post-thumbnail","6":"product_cat-mineralien","8":"first","9":"outofstock","10":"sold-individually","11":"product-type-simple"},"acf":[],"_links":{"self":[{"href":"https:\/\/westgem.shop\/fr\/wp-json\/wp\/v2\/product\/2401","targetHints":{"allow":["GET"]}}],"collection":[{"href":"https:\/\/westgem.shop\/fr\/wp-json\/wp\/v2\/product"}],"about":[{"href":"https:\/\/westgem.shop\/fr\/wp-json\/wp\/v2\/types\/product"}],"wp:featuredmedia":[{"embeddable":true,"href":"https:\/\/westgem.shop\/fr\/wp-json\/wp\/v2\/media\/3169"}],"wp:attachment":[{"href":"https:\/\/westgem.shop\/fr\/wp-json\/wp\/v2\/media?parent=2401"}],"wp:term":[{"taxonomy":"region","embeddable":true,"href":"https:\/\/westgem.shop\/fr\/wp-json\/wp\/v2\/region?post=2401"},{"taxonomy":"product_brand","embeddable":true,"href":"https:\/\/westgem.shop\/fr\/wp-json\/wp\/v2\/product_brand?post=2401"},{"taxonomy":"product_cat","embeddable":true,"href":"https:\/\/westgem.shop\/fr\/wp-json\/wp\/v2\/product_cat?post=2401"},{"taxonomy":"product_tag","embeddable":true,"href":"https:\/\/westgem.shop\/fr\/wp-json\/wp\/v2\/product_tag?post=2401"}],"curies":[{"name":"wp","href":"https:\/\/api.w.org\/{rel}","templated":true}]}}