{"id":2404,"date":"2000-12-31T00:00:00","date_gmt":"2000-12-31T00:00:00","guid":{"rendered":"https:\/\/miners.rocks\/product\/haematit-glimmer-mit-pyrit\/"},"modified":"2020-05-19T16:58:02","modified_gmt":"2020-05-19T16:58:02","slug":"haematite-mica-avec-pyrite","status":"publish","type":"product","link":"https:\/\/westgem.shop\/fr\/produit\/haematite-mica-avec-pyrite\/","title":{"rendered":"H\u00c4MATIT Mica avec PYRIT"},"content":{"rendered":"<p>H\u00e9matite \u00e0 fines \u00e9cailles avec PYRITE jaune d'or xx<\/p>\n<p>FEUILLES DE FER - L'h\u00e9matite est extraite de la seule mine encore en activit\u00e9 en Carinthie, \u00e0 WaldensteinKoralpe, et est export\u00e9e dans le monde entier.<\/p>\n<p>Ce mat\u00e9riau est transform\u00e9 en peinture antirouille de haute qualit\u00e9 - le c\u00e9l\u00e8bre pont devant l'op\u00e9ra de Sydney - Australie, que l'on peut voir sur toutes les cartes postales, est r\u00e9guli\u00e8rement peint avec la peinture antirouille fer micac\u00e9 de Waldenstein.<\/p>\n<p>Grande pi\u00e8ce brute avec PYRIT tout autour Poids : 6 kilogrammes<\/p>\n<p>Dimensions : 22 x 17 x 12 cm<\/p>\n<p>Photographi\u00e9 \u00e0 sec , le fer micac\u00e9 brille d'un noir m\u00e9tallique et est visuellement encore meilleur au naturel.<\/p>","protected":false},"excerpt":{"rendered":"<p>H\u00e9matite \u00e0 fines \u00e9cailles avec PYRITE xx MIROIR DE FER jaune dor\u00e9 - L'h\u00e9matite est extraite de la seule mine encore en activit\u00e9 en Carinthie, \u00e0 WaldensteinKoralpe, et est export\u00e9e dans le monde entier. Ce mat\u00e9riau est transform\u00e9 en peinture antirouille de haute qualit\u00e9 - le fameux pont devant l'op\u00e9ra de Sydney - Australie, que l'on peut voir sur toutes les cartes postales, est r\u00e9guli\u00e8rement peint avec la peinture antirouille fer micac\u00e9 de Waldenstein. Grand [...]<\/p>","protected":false},"featured_media":3179,"template":"","meta":{"_acf_changed":false},"region":[],"product_brand":[],"product_cat":[15],"product_tag":[],"class_list":{"0":"post-2404","1":"product","2":"type-product","3":"status-publish","4":"has-post-thumbnail","6":"product_cat-mineralien","8":"first","9":"outofstock","10":"sold-individually","11":"product-type-simple"},"acf":[],"_links":{"self":[{"href":"https:\/\/westgem.shop\/fr\/wp-json\/wp\/v2\/product\/2404","targetHints":{"allow":["GET"]}}],"collection":[{"href":"https:\/\/westgem.shop\/fr\/wp-json\/wp\/v2\/product"}],"about":[{"href":"https:\/\/westgem.shop\/fr\/wp-json\/wp\/v2\/types\/product"}],"wp:featuredmedia":[{"embeddable":true,"href":"https:\/\/westgem.shop\/fr\/wp-json\/wp\/v2\/media\/3179"}],"wp:attachment":[{"href":"https:\/\/westgem.shop\/fr\/wp-json\/wp\/v2\/media?parent=2404"}],"wp:term":[{"taxonomy":"region","embeddable":true,"href":"https:\/\/westgem.shop\/fr\/wp-json\/wp\/v2\/region?post=2404"},{"taxonomy":"product_brand","embeddable":true,"href":"https:\/\/westgem.shop\/fr\/wp-json\/wp\/v2\/product_brand?post=2404"},{"taxonomy":"product_cat","embeddable":true,"href":"https:\/\/westgem.shop\/fr\/wp-json\/wp\/v2\/product_cat?post=2404"},{"taxonomy":"product_tag","embeddable":true,"href":"https:\/\/westgem.shop\/fr\/wp-json\/wp\/v2\/product_tag?post=2404"}],"curies":[{"name":"wp","href":"https:\/\/api.w.org\/{rel}","templated":true}]}}