{"id":2405,"date":"2001-01-01T00:00:00","date_gmt":"2001-01-01T00:00:00","guid":{"rendered":"https:\/\/miners.rocks\/product\/stilbit-xx-gro%ef%ac%82stufe\/"},"modified":"2020-05-19T16:58:03","modified_gmt":"2020-05-19T16:58:03","slug":"stilbit-xx-gro%ef%ac%82-etage","status":"publish","type":"product","link":"https:\/\/westgem.shop\/fr\/produit\/stilbit-xx-gro%ef%ac%82-etage\/","title":{"rendered":"STILBIT xx - Grand niveau"},"content":{"rendered":"<p>Le groupe min\u00e9ral de la Z\u00c9OLITHE comprend environ 50 vari\u00e9t\u00e9s.<\/p>\n<p>Dans le domaine technique, les min\u00e9raux ZEOLITH sont appr\u00e9ci\u00e9s en tant qu'\u00c9CHANGEURS D'IONS et sont utilis\u00e9s pour lier les gaz et les liquides (p. ex. liti\u00e8re pour chats, etc.).<\/p>\n<p>La STILBITE ou DESMIN forme des cristaux individuels acides qui s'unissent en faisceaux de garbage. Les cristaux se forment dans les cavit\u00e9s des magmatites mais aussi dans les fissures alpines.<\/p>\n<p>Cette grande marche, tr\u00e8s d\u00e9corative, provient des carri\u00e8res de basalte du nord de l'Inde.<\/p>\n<p>Poids : 4,7 kilogrammes - 30 x 23 x 15 cm<\/p>\n<p>L'image 4 est la face arri\u00e8re - l'\u00e9tape n'est pas nettoy\u00e9e - et peut encore \u00eatre consid\u00e9rablement am\u00e9lior\u00e9e visuellement avec de l'eau savonneuse et une brosse.<\/p>\n<p>PRIX PROMOTIONNEL !<\/p>","protected":false},"excerpt":{"rendered":"<p>Le groupe de min\u00e9raux ZEOLITHE comprend environ 50 vari\u00e9t\u00e9s. Dans la technique, les min\u00e9raux ZEOLITH sont appr\u00e9ci\u00e9s en tant qu'\u00c9CHANGEURS D'IONS et sont utilis\u00e9s pour lier les gaz et les liquides (p. ex. liti\u00e8re pour chats, etc.). La STILBIT ou DESMIN forme des cristaux individuels acides qui s'unissent en faisceaux de garbage. Les cristaux se forment dans les cavit\u00e9s des magmatites mais aussi dans les fissures alpines. Ces [...]<\/p>","protected":false},"featured_media":3183,"template":"","meta":{"_acf_changed":false},"region":[],"product_brand":[],"product_cat":[15],"product_tag":[],"class_list":{"0":"post-2405","1":"product","2":"type-product","3":"status-publish","4":"has-post-thumbnail","6":"product_cat-mineralien","8":"first","9":"outofstock","10":"sold-individually","11":"product-type-simple"},"acf":[],"_links":{"self":[{"href":"https:\/\/westgem.shop\/fr\/wp-json\/wp\/v2\/product\/2405","targetHints":{"allow":["GET"]}}],"collection":[{"href":"https:\/\/westgem.shop\/fr\/wp-json\/wp\/v2\/product"}],"about":[{"href":"https:\/\/westgem.shop\/fr\/wp-json\/wp\/v2\/types\/product"}],"wp:featuredmedia":[{"embeddable":true,"href":"https:\/\/westgem.shop\/fr\/wp-json\/wp\/v2\/media\/3183"}],"wp:attachment":[{"href":"https:\/\/westgem.shop\/fr\/wp-json\/wp\/v2\/media?parent=2405"}],"wp:term":[{"taxonomy":"region","embeddable":true,"href":"https:\/\/westgem.shop\/fr\/wp-json\/wp\/v2\/region?post=2405"},{"taxonomy":"product_brand","embeddable":true,"href":"https:\/\/westgem.shop\/fr\/wp-json\/wp\/v2\/product_brand?post=2405"},{"taxonomy":"product_cat","embeddable":true,"href":"https:\/\/westgem.shop\/fr\/wp-json\/wp\/v2\/product_cat?post=2405"},{"taxonomy":"product_tag","embeddable":true,"href":"https:\/\/westgem.shop\/fr\/wp-json\/wp\/v2\/product_tag?post=2405"}],"curies":[{"name":"wp","href":"https:\/\/api.w.org\/{rel}","templated":true}]}}