{"id":2407,"date":"2001-01-03T00:00:00","date_gmt":"2001-01-03T00:00:00","guid":{"rendered":"https:\/\/miners.rocks\/product\/falkenauge-roh-natur\/"},"modified":"2020-05-19T16:58:04","modified_gmt":"2020-05-19T16:58:04","slug":"oeil-de-faucon-brut-nature","status":"publish","type":"product","link":"https:\/\/westgem.shop\/fr\/produit\/oeil-de-faucon-brut-nature\/","title":{"rendered":"\u0152il de faucon - ROH NATUR"},"content":{"rendered":"<p>\u0152il de faucon - Transformation pseudomorphe d'un min\u00e9ral ASBEST en quartz tout en conservant la structure fibreuse d'origine.<\/p>\n<p>Chiffonnage de surface (chayotisme) avec des effets dits \"\u0153il de chat\".<\/p>\n<p>Poids : 1,2 kilogramme Dimensions : 15 x 11 x 6 cm<\/p>\n<p>Mine de fer de Bandet - Griqualand - Afrique du Sud<\/p>","protected":false},"excerpt":{"rendered":"<p>\u0152il de faucon - Transformation pseudomorphe d'un min\u00e9ral ASBEST en quartz tout en conservant la structure fibreuse d'origine. Effet d'irisation de surface (chayotisme) avec des effets dits \"\u0153il de chat\". Poids : 1,2 kilogramme Dimensions : 15 x 11 x 6 cm Bandet Iron Mine - Griqualand - Afrique du Sud<\/p>","protected":false},"featured_media":3191,"template":"","meta":{"_acf_changed":false},"region":[],"product_brand":[],"product_cat":[15],"product_tag":[],"class_list":{"0":"post-2407","1":"product","2":"type-product","3":"status-publish","4":"has-post-thumbnail","6":"product_cat-mineralien","8":"first","9":"outofstock","10":"sold-individually","11":"product-type-simple"},"acf":[],"_links":{"self":[{"href":"https:\/\/westgem.shop\/fr\/wp-json\/wp\/v2\/product\/2407","targetHints":{"allow":["GET"]}}],"collection":[{"href":"https:\/\/westgem.shop\/fr\/wp-json\/wp\/v2\/product"}],"about":[{"href":"https:\/\/westgem.shop\/fr\/wp-json\/wp\/v2\/types\/product"}],"wp:featuredmedia":[{"embeddable":true,"href":"https:\/\/westgem.shop\/fr\/wp-json\/wp\/v2\/media\/3191"}],"wp:attachment":[{"href":"https:\/\/westgem.shop\/fr\/wp-json\/wp\/v2\/media?parent=2407"}],"wp:term":[{"taxonomy":"region","embeddable":true,"href":"https:\/\/westgem.shop\/fr\/wp-json\/wp\/v2\/region?post=2407"},{"taxonomy":"product_brand","embeddable":true,"href":"https:\/\/westgem.shop\/fr\/wp-json\/wp\/v2\/product_brand?post=2407"},{"taxonomy":"product_cat","embeddable":true,"href":"https:\/\/westgem.shop\/fr\/wp-json\/wp\/v2\/product_cat?post=2407"},{"taxonomy":"product_tag","embeddable":true,"href":"https:\/\/westgem.shop\/fr\/wp-json\/wp\/v2\/product_tag?post=2407"}],"curies":[{"name":"wp","href":"https:\/\/api.w.org\/{rel}","templated":true}]}}