{"id":2408,"date":"2001-01-04T00:00:00","date_gmt":"2001-01-04T00:00:00","guid":{"rendered":"https:\/\/miners.rocks\/product\/radentheinit-2\/"},"modified":"2020-05-19T16:58:04","modified_gmt":"2020-05-19T16:58:04","slug":"radentheinit-2","status":"publish","type":"product","link":"https:\/\/westgem.shop\/fr\/produit\/radentheinit-2\/","title":{"rendered":"RADENTHEINIT"},"content":{"rendered":"<p>La RADENTHEINIT est une roche typique des gisements de grenat du Laufenberg, au-dessus de Radenthein, qui se compose d'un m\u00e9lange de GRANAT rouge clair, de CYANIT blanc-bleu clair et de BIOTIT marron. C'est pourquoi elle a re\u00e7u son propre nom de min\u00e9ral.<\/p>\n<p>La RADENTHEINIT ne se trouve plus gu\u00e8re aujourd'hui, voire plus du tout, car les bonnes pi\u00e8ces provenaient de l'exploitation souterraine, qui a ferm\u00e9 ses portes depuis longtemps,<\/p>\n<p>Cette entaille n'est pas polie et a \u00e9t\u00e9 photographi\u00e9e humide - il serait recommand\u00e9 de meuler et de polir cette pi\u00e8ce sur la surface de coupe - cela donne un superbe aspect.<\/p>\n<p>Image 3 - Le verso est brut-naturel .<\/p>\n<p>Lieu de d\u00e9couverte : Laufenberg - Millst\u00e4tter Alpe<\/p>\n<p>Carinthie<\/p>\n<p>Poids : 430 g Dim' : 15 x 11 x 1,5 cm<\/p>","protected":false},"excerpt":{"rendered":"<p>RADENTHEINIT est une roche dont le m\u00e9lange de GRANAT rouge clair, de CYANIT blanc-bleu clair et de BIOTIT brun est typique des gisements de grenat du Laufenberg au-dessus de Radenthein, d'o\u00f9 son nom de minerai. La RADENTHEINITE n'est plus gu\u00e8re pr\u00e9sente aujourd'hui, voire plus du tout, car les bons morceaux provenaient de l'exploitation souterraine et [...].<\/p>","protected":false},"featured_media":3192,"template":"","meta":{"_acf_changed":false},"region":[],"product_brand":[],"product_cat":[15],"product_tag":[],"class_list":{"0":"post-2408","1":"product","2":"type-product","3":"status-publish","4":"has-post-thumbnail","6":"product_cat-mineralien","8":"first","9":"outofstock","10":"sold-individually","11":"product-type-simple"},"acf":[],"_links":{"self":[{"href":"https:\/\/westgem.shop\/fr\/wp-json\/wp\/v2\/product\/2408","targetHints":{"allow":["GET"]}}],"collection":[{"href":"https:\/\/westgem.shop\/fr\/wp-json\/wp\/v2\/product"}],"about":[{"href":"https:\/\/westgem.shop\/fr\/wp-json\/wp\/v2\/types\/product"}],"wp:featuredmedia":[{"embeddable":true,"href":"https:\/\/westgem.shop\/fr\/wp-json\/wp\/v2\/media\/3192"}],"wp:attachment":[{"href":"https:\/\/westgem.shop\/fr\/wp-json\/wp\/v2\/media?parent=2408"}],"wp:term":[{"taxonomy":"region","embeddable":true,"href":"https:\/\/westgem.shop\/fr\/wp-json\/wp\/v2\/region?post=2408"},{"taxonomy":"product_brand","embeddable":true,"href":"https:\/\/westgem.shop\/fr\/wp-json\/wp\/v2\/product_brand?post=2408"},{"taxonomy":"product_cat","embeddable":true,"href":"https:\/\/westgem.shop\/fr\/wp-json\/wp\/v2\/product_cat?post=2408"},{"taxonomy":"product_tag","embeddable":true,"href":"https:\/\/westgem.shop\/fr\/wp-json\/wp\/v2\/product_tag?post=2408"}],"curies":[{"name":"wp","href":"https:\/\/api.w.org\/{rel}","templated":true}]}}