{"id":2409,"date":"2001-01-05T00:00:00","date_gmt":"2001-01-05T00:00:00","guid":{"rendered":"https:\/\/miners.rocks\/product\/bunter-feuerstein-poliert\/"},"modified":"2020-05-19T16:58:06","modified_gmt":"2020-05-19T16:58:06","slug":"silex-colore-poli","status":"publish","type":"product","link":"https:\/\/westgem.shop\/fr\/produit\/silex-colore-poli\/","title":{"rendered":"PIERRE DE FEU multicolore - POLIE"},"content":{"rendered":"<p>PIERRE DE CHALCEDON de premi\u00e8re qualit\u00e9, polychrome - multicolore - de Mahajunga au NORD de Madagascar.<\/p>\n<p>Taill\u00e9 \u00e0 la main sur tout le pourtour et poli de premi\u00e8re qualit\u00e9 - avec des couleurs magnifiques.<\/p>\n<p>Avec une surface d'appui, c'est une pi\u00e8ce exceptionnelle qui attire le regard, par exemple pour un bureau .....<\/p>\n<p>Poids : 540 g Dimensions : 11 x 7 x 5 cm<\/p>\n<p>Description d\u00e9taill\u00e9e de la PIERRE A CHARG\u00c9E chez BRUT NATURE - PIERRE A CHARG\u00c9E - cliquez \u00e0 gauche dans la colonne des cat\u00e9gories .<\/p>","protected":false},"excerpt":{"rendered":"<p>PIERRE DE CHALCEDON de premi\u00e8re qualit\u00e9, polychrome - multicolore - de Mahajunga au NORD de Madagascar. Taill\u00e9e \u00e0 la main sur tout le pourtour et polie de premi\u00e8re qualit\u00e9 - avec de magnifiques couleurs. Avec sa base, c'est une pi\u00e8ce exceptionnelle qui attire le regard, par exemple pour un bureau ..... Poids : 540 g Dimensions : 11 x 7 x 5 cm Description d\u00e9taill\u00e9e de la PIERRE [...]<\/p>","protected":false},"featured_media":3195,"template":"","meta":{"_acf_changed":false},"region":[],"product_brand":[],"product_cat":[15],"product_tag":[],"class_list":{"0":"post-2409","1":"product","2":"type-product","3":"status-publish","4":"has-post-thumbnail","6":"product_cat-mineralien","8":"first","9":"outofstock","10":"sold-individually","11":"product-type-simple"},"acf":[],"_links":{"self":[{"href":"https:\/\/westgem.shop\/fr\/wp-json\/wp\/v2\/product\/2409","targetHints":{"allow":["GET"]}}],"collection":[{"href":"https:\/\/westgem.shop\/fr\/wp-json\/wp\/v2\/product"}],"about":[{"href":"https:\/\/westgem.shop\/fr\/wp-json\/wp\/v2\/types\/product"}],"wp:featuredmedia":[{"embeddable":true,"href":"https:\/\/westgem.shop\/fr\/wp-json\/wp\/v2\/media\/3195"}],"wp:attachment":[{"href":"https:\/\/westgem.shop\/fr\/wp-json\/wp\/v2\/media?parent=2409"}],"wp:term":[{"taxonomy":"region","embeddable":true,"href":"https:\/\/westgem.shop\/fr\/wp-json\/wp\/v2\/region?post=2409"},{"taxonomy":"product_brand","embeddable":true,"href":"https:\/\/westgem.shop\/fr\/wp-json\/wp\/v2\/product_brand?post=2409"},{"taxonomy":"product_cat","embeddable":true,"href":"https:\/\/westgem.shop\/fr\/wp-json\/wp\/v2\/product_cat?post=2409"},{"taxonomy":"product_tag","embeddable":true,"href":"https:\/\/westgem.shop\/fr\/wp-json\/wp\/v2\/product_tag?post=2409"}],"curies":[{"name":"wp","href":"https:\/\/api.w.org\/{rel}","templated":true}]}}