{"id":2410,"date":"2001-01-06T00:00:00","date_gmt":"2001-01-06T00:00:00","guid":{"rendered":"https:\/\/miners.rocks\/product\/feuerstein-mehrfaerbig-anpoliert\/"},"modified":"2020-05-19T16:58:06","modified_gmt":"2020-05-19T16:58:06","slug":"silex-polis-a-plusieurs-facettes","status":"publish","type":"product","link":"https:\/\/westgem.shop\/fr\/produit\/silex-polis-a-plusieurs-facettes\/","title":{"rendered":"SILEX - POLISSAGE MULTICOLORE"},"content":{"rendered":"<p>PIERRE CHALCEDONE polychrome - taill\u00e9e et polie sur une face.<\/p>\n<p>Superbe pi\u00e8ce de d\u00e9coration - avec socle.<\/p>\n<p>Polie \u00e0 l'avant - brute \u00e0 l'arri\u00e8re.<\/p>\n<p>La mati\u00e8re premi\u00e8re se trouve \u00e0 Mahajunga, \u00e0 Madagascar.<\/p>\n<p>Poids : 630 g Dimensions : 13 x 9 x 6 cm<\/p>","protected":false},"excerpt":{"rendered":"<p>PIERRE DE CHALCEDON polychrome - taill\u00e9e et polie d'un c\u00f4t\u00e9. Superbe pi\u00e8ce de d\u00e9coration - avec socle. Polie \u00e0 l'avant - brute \u00e0 l'arri\u00e8re. Le lieu de d\u00e9couverte de la mati\u00e8re premi\u00e8re est Mahajunga \u00e0 Madagascar Poids : 630 g Dimensions : 13 x 9 x 6 cm<\/p>","protected":false},"featured_media":3198,"template":"","meta":{"_acf_changed":false},"region":[],"product_brand":[],"product_cat":[15],"product_tag":[],"class_list":{"0":"post-2410","1":"product","2":"type-product","3":"status-publish","4":"has-post-thumbnail","6":"product_cat-mineralien","8":"first","9":"outofstock","10":"sold-individually","11":"product-type-simple"},"acf":[],"_links":{"self":[{"href":"https:\/\/westgem.shop\/fr\/wp-json\/wp\/v2\/product\/2410","targetHints":{"allow":["GET"]}}],"collection":[{"href":"https:\/\/westgem.shop\/fr\/wp-json\/wp\/v2\/product"}],"about":[{"href":"https:\/\/westgem.shop\/fr\/wp-json\/wp\/v2\/types\/product"}],"wp:featuredmedia":[{"embeddable":true,"href":"https:\/\/westgem.shop\/fr\/wp-json\/wp\/v2\/media\/3198"}],"wp:attachment":[{"href":"https:\/\/westgem.shop\/fr\/wp-json\/wp\/v2\/media?parent=2410"}],"wp:term":[{"taxonomy":"region","embeddable":true,"href":"https:\/\/westgem.shop\/fr\/wp-json\/wp\/v2\/region?post=2410"},{"taxonomy":"product_brand","embeddable":true,"href":"https:\/\/westgem.shop\/fr\/wp-json\/wp\/v2\/product_brand?post=2410"},{"taxonomy":"product_cat","embeddable":true,"href":"https:\/\/westgem.shop\/fr\/wp-json\/wp\/v2\/product_cat?post=2410"},{"taxonomy":"product_tag","embeddable":true,"href":"https:\/\/westgem.shop\/fr\/wp-json\/wp\/v2\/product_tag?post=2410"}],"curies":[{"name":"wp","href":"https:\/\/api.w.org\/{rel}","templated":true}]}}