{"id":2411,"date":"2001-01-07T00:00:00","date_gmt":"2001-01-07T00:00:00","guid":{"rendered":"https:\/\/miners.rocks\/product\/1-a-sodalith-roh-bolivien\/"},"modified":"2020-05-19T16:58:07","modified_gmt":"2020-05-19T16:58:07","slug":"1-a-sodalite-brute-bolivie","status":"publish","type":"product","link":"https:\/\/westgem.shop\/fr\/produit\/1-a-sodalite-brute-bolivie\/","title":{"rendered":"1 A SODALITE BRUTE - BOLIVIE"},"content":{"rendered":"<p>Pierre d\u00e9corative brute SODALITH de premi\u00e8re qualit\u00e9 avec des tons bleus intenses et des veines blanches de CALCITE.<\/p>\n<p>Superbe pi\u00e8ce d'habitation ou bureau qui attire l'attention, avec surface d'appui, surtout en combinaison avec une plante .<\/p>\n<p>Cette SODALITHE 1A a \u00e9t\u00e9 trouv\u00e9e dans la r\u00e9gion ANDEN de BOLIVIE.<\/p>\n<p>Les photos montrent la pierre sous diff\u00e9rents angles.<\/p>\n<p>Poids : 6,3 kilogrammes !<\/p>\n<p>Dimensions : 20 x 17 x 13 cm<\/p>\n<p>Les sodalites provenant d'autres sites (Afrique du Sud, BRESIL ETC) sont pour la plupart dans les couleurs - bleu\/gris ,,<\/p>\n<p>Les SODALITHE boliviennes poss\u00e8dent toutefois environ 80 parts de bleu % et sont donc tr\u00e8s recherch\u00e9es en tant que produits de rectification.<\/p>\n<p>Localisation exacte : Carri\u00e8re de Disse, Cerro Sapo - Cochabamba - BOLIVIE<\/p>","protected":false},"excerpt":{"rendered":"<p>Pierre d\u00e9corative brute SODALITH de premi\u00e8re qualit\u00e9 avec des tons bleus intenses et des veines blanches de CALCITE. Superbe pi\u00e8ce d'habitation ou bureau, avec pied, surtout en combinaison avec une plante. Cette SODALITHE 1A a \u00e9t\u00e9 trouv\u00e9e dans la r\u00e9gion ANDEN de BOLIVIE. Les photos montrent la pierre sous diff\u00e9rents angles. Poids : 6,3 kilogrammes ! Dimensions : 20 x 17 x 13 cm Sodalithe [...]<\/p>","protected":false},"featured_media":3201,"template":"","meta":{"_acf_changed":false},"region":[],"product_brand":[],"product_cat":[15],"product_tag":[],"class_list":{"0":"post-2411","1":"product","2":"type-product","3":"status-publish","4":"has-post-thumbnail","6":"product_cat-mineralien","8":"first","9":"outofstock","10":"sold-individually","11":"product-type-simple"},"acf":[],"_links":{"self":[{"href":"https:\/\/westgem.shop\/fr\/wp-json\/wp\/v2\/product\/2411","targetHints":{"allow":["GET"]}}],"collection":[{"href":"https:\/\/westgem.shop\/fr\/wp-json\/wp\/v2\/product"}],"about":[{"href":"https:\/\/westgem.shop\/fr\/wp-json\/wp\/v2\/types\/product"}],"wp:featuredmedia":[{"embeddable":true,"href":"https:\/\/westgem.shop\/fr\/wp-json\/wp\/v2\/media\/3201"}],"wp:attachment":[{"href":"https:\/\/westgem.shop\/fr\/wp-json\/wp\/v2\/media?parent=2411"}],"wp:term":[{"taxonomy":"region","embeddable":true,"href":"https:\/\/westgem.shop\/fr\/wp-json\/wp\/v2\/region?post=2411"},{"taxonomy":"product_brand","embeddable":true,"href":"https:\/\/westgem.shop\/fr\/wp-json\/wp\/v2\/product_brand?post=2411"},{"taxonomy":"product_cat","embeddable":true,"href":"https:\/\/westgem.shop\/fr\/wp-json\/wp\/v2\/product_cat?post=2411"},{"taxonomy":"product_tag","embeddable":true,"href":"https:\/\/westgem.shop\/fr\/wp-json\/wp\/v2\/product_tag?post=2411"}],"curies":[{"name":"wp","href":"https:\/\/api.w.org\/{rel}","templated":true}]}}