{"id":2412,"date":"2001-01-08T00:00:00","date_gmt":"2001-01-08T00:00:00","guid":{"rendered":"https:\/\/miners.rocks\/product\/madagaskar-rosenquarz-aa-2\/"},"modified":"2020-05-19T16:58:07","modified_gmt":"2020-05-19T16:58:07","slug":"quartz-rose-de-madagascar-aa-2","status":"publish","type":"product","link":"https:\/\/westgem.shop\/fr\/produit\/quartz-rose-de-madagascar-aa-2\/","title":{"rendered":"Madagascar QUARTZ ROSE AA"},"content":{"rendered":"<p>Couleur naturelle - qualit\u00e9 AA - transparent - cristallin .<\/p>\n<p>Tr\u00e8s belle pi\u00e8ce de d\u00e9coration pour un bureau ou .....<\/p>\n<p>Le QUARTZ ROSE de Madagascar est consid\u00e9r\u00e9 comme la meilleure qualit\u00e9 au monde.<\/p>\n<p>Mine d'Ambojabao - Province d'Antananarivo<\/p>\n<p>Image 3 en contre-jour .<\/p>\n<p>Poids : 633 g Dimensions : 11 x 7 x 4 cm<\/p>\n<p>Madagascar.<\/p>","protected":false},"excerpt":{"rendered":"<p>Couleur naturelle - qualit\u00e9 AA - transparent - cristallin . Tr\u00e8s belle pi\u00e8ce de d\u00e9coration pour un bureau ou ..... Le QUARTZ ROSE de Madagascar est consid\u00e9r\u00e9 comme la meilleure qualit\u00e9 au monde. Mine d'Ambojabao - Antananarivo Province Photo 3 en contre-jour . Poids : 633 g Dimensions : 11 x 7 x 4 cm Madagascar.<\/p>","protected":false},"featured_media":3204,"template":"","meta":{"_acf_changed":false},"region":[],"product_brand":[],"product_cat":[15],"product_tag":[],"class_list":{"0":"post-2412","1":"product","2":"type-product","3":"status-publish","4":"has-post-thumbnail","6":"product_cat-mineralien","8":"first","9":"outofstock","10":"sold-individually","11":"product-type-simple"},"acf":[],"_links":{"self":[{"href":"https:\/\/westgem.shop\/fr\/wp-json\/wp\/v2\/product\/2412","targetHints":{"allow":["GET"]}}],"collection":[{"href":"https:\/\/westgem.shop\/fr\/wp-json\/wp\/v2\/product"}],"about":[{"href":"https:\/\/westgem.shop\/fr\/wp-json\/wp\/v2\/types\/product"}],"wp:featuredmedia":[{"embeddable":true,"href":"https:\/\/westgem.shop\/fr\/wp-json\/wp\/v2\/media\/3204"}],"wp:attachment":[{"href":"https:\/\/westgem.shop\/fr\/wp-json\/wp\/v2\/media?parent=2412"}],"wp:term":[{"taxonomy":"region","embeddable":true,"href":"https:\/\/westgem.shop\/fr\/wp-json\/wp\/v2\/region?post=2412"},{"taxonomy":"product_brand","embeddable":true,"href":"https:\/\/westgem.shop\/fr\/wp-json\/wp\/v2\/product_brand?post=2412"},{"taxonomy":"product_cat","embeddable":true,"href":"https:\/\/westgem.shop\/fr\/wp-json\/wp\/v2\/product_cat?post=2412"},{"taxonomy":"product_tag","embeddable":true,"href":"https:\/\/westgem.shop\/fr\/wp-json\/wp\/v2\/product_tag?post=2412"}],"curies":[{"name":"wp","href":"https:\/\/api.w.org\/{rel}","templated":true}]}}