{"id":2413,"date":"2001-01-09T00:00:00","date_gmt":"2001-01-09T00:00:00","guid":{"rendered":"https:\/\/miners.rocks\/product\/natur-carneol-achat\/"},"modified":"2020-05-19T16:58:08","modified_gmt":"2020-05-19T16:58:08","slug":"nature-cornaline-agate","status":"publish","type":"product","link":"https:\/\/westgem.shop\/fr\/produit\/nature-cornaline-agate\/","title":{"rendered":"NATURE CORNALINE\/ AGATE"},"content":{"rendered":"<p>CARNEOL - ACHAT Peinture naturelle ! Ni br\u00fbl\u00e9 ni color\u00e9 !<\/p>\n<p>La mati\u00e8re premi\u00e8re se trouve \u00e0 Madagascar<\/p>\n<p>Taill\u00e9 et poli \u00e0 la main. En lumi\u00e8re transmise, rouge-orange intense.<\/p>\n<p>Poids : 220 g Dimensions : 8 x 7 x 3 cm<\/p>","protected":false},"excerpt":{"rendered":"<p>CARNEOL - ACHAT Peinture naturelle ! Ni br\u00fbl\u00e9 ni color\u00e9 ! Le lieu de d\u00e9couverte de la mati\u00e8re premi\u00e8re est Madagascar. En lumi\u00e8re transmise, rouge-orange intense. Poids : 220 g Dimensions : 8 x 7 x 3 cm<\/p>","protected":false},"featured_media":3207,"template":"","meta":{"_acf_changed":false},"region":[],"product_brand":[],"product_cat":[15],"product_tag":[],"class_list":{"0":"post-2413","1":"product","2":"type-product","3":"status-publish","4":"has-post-thumbnail","6":"product_cat-mineralien","8":"first","9":"outofstock","10":"sold-individually","11":"product-type-simple"},"acf":[],"_links":{"self":[{"href":"https:\/\/westgem.shop\/fr\/wp-json\/wp\/v2\/product\/2413","targetHints":{"allow":["GET"]}}],"collection":[{"href":"https:\/\/westgem.shop\/fr\/wp-json\/wp\/v2\/product"}],"about":[{"href":"https:\/\/westgem.shop\/fr\/wp-json\/wp\/v2\/types\/product"}],"wp:featuredmedia":[{"embeddable":true,"href":"https:\/\/westgem.shop\/fr\/wp-json\/wp\/v2\/media\/3207"}],"wp:attachment":[{"href":"https:\/\/westgem.shop\/fr\/wp-json\/wp\/v2\/media?parent=2413"}],"wp:term":[{"taxonomy":"region","embeddable":true,"href":"https:\/\/westgem.shop\/fr\/wp-json\/wp\/v2\/region?post=2413"},{"taxonomy":"product_brand","embeddable":true,"href":"https:\/\/westgem.shop\/fr\/wp-json\/wp\/v2\/product_brand?post=2413"},{"taxonomy":"product_cat","embeddable":true,"href":"https:\/\/westgem.shop\/fr\/wp-json\/wp\/v2\/product_cat?post=2413"},{"taxonomy":"product_tag","embeddable":true,"href":"https:\/\/westgem.shop\/fr\/wp-json\/wp\/v2\/product_tag?post=2413"}],"curies":[{"name":"wp","href":"https:\/\/api.w.org\/{rel}","templated":true}]}}