{"id":2414,"date":"2001-01-10T00:00:00","date_gmt":"2001-01-10T00:00:00","guid":{"rendered":"https:\/\/miners.rocks\/product\/carneol-herz\/"},"modified":"2020-05-19T16:58:08","modified_gmt":"2020-05-19T16:58:08","slug":"cornaline-carneol","status":"publish","type":"product","link":"https:\/\/westgem.shop\/fr\/produit\/cornaline-carneol\/","title":{"rendered":"CARNEOL C\u0152UR"},"content":{"rendered":"<p>Tr\u00e8s beau c\u0153ur suspendu en CARNEOL\/ACHAT de Madagascar .<\/p>\n<p>TEINTURE NATURELLE - PAS BR\u00dbL\u00c9E ni TEINTURE !<\/p>\n<p>Poids : 220 g Dimensions : 8 x 7 x 3 cm<\/p>\n<p>Petites cavit\u00e9s naturelles.<\/p>","protected":false},"excerpt":{"rendered":"<p>Tr\u00e8s beau c\u0153ur en CARNEOL\/ACHAT de Madagascar, taill\u00e9 \u00e0 la main. COULEUR NATURELLE - NON cuit ou color\u00e9 ! Poids : 220 g Dimensions : 8 x 7 x 3 cm Petites cavit\u00e9s naturelles.<\/p>","protected":false},"featured_media":3210,"template":"","meta":{"_acf_changed":false},"region":[],"product_brand":[],"product_cat":[15],"product_tag":[],"class_list":{"0":"post-2414","1":"product","2":"type-product","3":"status-publish","4":"has-post-thumbnail","6":"product_cat-mineralien","8":"first","9":"outofstock","10":"sold-individually","11":"product-type-simple"},"acf":[],"_links":{"self":[{"href":"https:\/\/westgem.shop\/fr\/wp-json\/wp\/v2\/product\/2414","targetHints":{"allow":["GET"]}}],"collection":[{"href":"https:\/\/westgem.shop\/fr\/wp-json\/wp\/v2\/product"}],"about":[{"href":"https:\/\/westgem.shop\/fr\/wp-json\/wp\/v2\/types\/product"}],"wp:featuredmedia":[{"embeddable":true,"href":"https:\/\/westgem.shop\/fr\/wp-json\/wp\/v2\/media\/3210"}],"wp:attachment":[{"href":"https:\/\/westgem.shop\/fr\/wp-json\/wp\/v2\/media?parent=2414"}],"wp:term":[{"taxonomy":"region","embeddable":true,"href":"https:\/\/westgem.shop\/fr\/wp-json\/wp\/v2\/region?post=2414"},{"taxonomy":"product_brand","embeddable":true,"href":"https:\/\/westgem.shop\/fr\/wp-json\/wp\/v2\/product_brand?post=2414"},{"taxonomy":"product_cat","embeddable":true,"href":"https:\/\/westgem.shop\/fr\/wp-json\/wp\/v2\/product_cat?post=2414"},{"taxonomy":"product_tag","embeddable":true,"href":"https:\/\/westgem.shop\/fr\/wp-json\/wp\/v2\/product_tag?post=2414"}],"curies":[{"name":"wp","href":"https:\/\/api.w.org\/{rel}","templated":true}]}}