{"id":2415,"date":"2001-01-11T00:00:00","date_gmt":"2001-01-11T00:00:00","guid":{"rendered":"https:\/\/miners.rocks\/product\/natur-carneol-deko-herz\/"},"modified":"2020-05-19T16:58:09","modified_gmt":"2020-05-19T16:58:09","slug":"nature-cornaline-deco-coeur","status":"publish","type":"product","link":"https:\/\/westgem.shop\/fr\/produit\/nature-cornaline-deco-coeur\/","title":{"rendered":"Nature CARNEOL - C\u0153ur d\u00e9coratif"},"content":{"rendered":"<p>Grand c\u0153ur tr\u00e8s d\u00e9coratif. Taill\u00e9 et poli \u00e0 la main en une seule pi\u00e8ce.<\/p>\n<p>CARNEOL naturel - NON br\u00fbl\u00e9 ou color\u00e9 !<\/p>\n<p>En lumi\u00e8re transmise, belle couleur orange\/rouge.<\/p>\n<p>La mati\u00e8re premi\u00e8re se trouve \u00e0 Madagascar<\/p>\n<p>Poids : 310 g Dimensions : 9 x 8 x 3 cm<\/p>","protected":false},"excerpt":{"rendered":"<p>Grand c\u0153ur tr\u00e8s d\u00e9coratif. Taill\u00e9 et poli \u00e0 la main \u00e0 partir d'un seul morceau de CARNEOL naturel - PAS br\u00fbl\u00e9 ou color\u00e9 ! En lumi\u00e8re transmise, belle couleur orange\/rouge. Le lieu de d\u00e9couverte de la mati\u00e8re premi\u00e8re est Madagascar Poids : 310 g Dimensions : 9 x 8 x 3 cm<\/p>","protected":false},"featured_media":3213,"template":"","meta":{"_acf_changed":false},"region":[],"product_brand":[],"product_cat":[15],"product_tag":[],"class_list":{"0":"post-2415","1":"product","2":"type-product","3":"status-publish","4":"has-post-thumbnail","6":"product_cat-mineralien","8":"first","9":"outofstock","10":"sold-individually","11":"product-type-simple"},"acf":[],"_links":{"self":[{"href":"https:\/\/westgem.shop\/fr\/wp-json\/wp\/v2\/product\/2415","targetHints":{"allow":["GET"]}}],"collection":[{"href":"https:\/\/westgem.shop\/fr\/wp-json\/wp\/v2\/product"}],"about":[{"href":"https:\/\/westgem.shop\/fr\/wp-json\/wp\/v2\/types\/product"}],"wp:featuredmedia":[{"embeddable":true,"href":"https:\/\/westgem.shop\/fr\/wp-json\/wp\/v2\/media\/3213"}],"wp:attachment":[{"href":"https:\/\/westgem.shop\/fr\/wp-json\/wp\/v2\/media?parent=2415"}],"wp:term":[{"taxonomy":"region","embeddable":true,"href":"https:\/\/westgem.shop\/fr\/wp-json\/wp\/v2\/region?post=2415"},{"taxonomy":"product_brand","embeddable":true,"href":"https:\/\/westgem.shop\/fr\/wp-json\/wp\/v2\/product_brand?post=2415"},{"taxonomy":"product_cat","embeddable":true,"href":"https:\/\/westgem.shop\/fr\/wp-json\/wp\/v2\/product_cat?post=2415"},{"taxonomy":"product_tag","embeddable":true,"href":"https:\/\/westgem.shop\/fr\/wp-json\/wp\/v2\/product_tag?post=2415"}],"curies":[{"name":"wp","href":"https:\/\/api.w.org\/{rel}","templated":true}]}}