{"id":2416,"date":"2001-01-12T00:00:00","date_gmt":"2001-01-12T00:00:00","guid":{"rendered":"https:\/\/miners.rocks\/product\/roter-gips-hoellgraben-salzburg\/"},"modified":"2020-05-19T16:58:09","modified_gmt":"2020-05-19T16:58:09","slug":"platre-rouge-hoellgraben-salzbourg","status":"publish","type":"product","link":"https:\/\/westgem.shop\/fr\/produit\/platre-rouge-hoellgraben-salzbourg\/","title":{"rendered":"GIPS rouge - H\u00f6llgraben\/Salzbourg"},"content":{"rendered":"<p>Sulfate de calcium Derbes - la couleur rouge est obtenue par de faibles ajouts de<\/p>\n<p>d'ions de fer.<\/p>\n<p>Lieu de d\u00e9couverte <u>\u00e9tait<\/u> le H\u00f6llgraben pr\u00e8s de Werfen dans le Land de Salzbourg.<\/p>\n<p>Il semble que ce gisement soit \u00e9puis\u00e9, car aucune nouvelle pi\u00e8ce n'est apparue sur le march\u00e9 ces derni\u00e8res ann\u00e9es.<\/p>\n<p>Pi\u00e8ce tr\u00e8s d\u00e9corative et de grande taille - un point de mire pour toute collection.<\/p>\n<p>poids : 2,20 kilogrammes<\/p>\n<p>Dimensions : 27 x 17 x 7 cm<\/p>","protected":false},"excerpt":{"rendered":"<p>Sulfate de calcium derbique - la couleur rouge est due \u00e0 de faibles ajouts d'ions de fer. Le site de la d\u00e9couverte \u00e9tait le H\u00f6llgraben pr\u00e8s de Werfen dans le Land de Salzbourg. Il semble que ce site soit \u00e9puis\u00e9, car aucune nouvelle pi\u00e8ce n'est apparue sur le march\u00e9 ces derni\u00e8res ann\u00e9es. Pi\u00e8ce tr\u00e8s d\u00e9corative et de grande taille - un point de mire pour toute collection. Poids : 2,20 kilogrammes Dimensions : 27 x 17 [...]<\/p>","protected":false},"featured_media":3216,"template":"","meta":{"_acf_changed":false},"region":[],"product_brand":[],"product_cat":[15],"product_tag":[],"class_list":{"0":"post-2416","1":"product","2":"type-product","3":"status-publish","4":"has-post-thumbnail","6":"product_cat-mineralien","8":"first","9":"outofstock","10":"sold-individually","11":"product-type-simple"},"acf":[],"_links":{"self":[{"href":"https:\/\/westgem.shop\/fr\/wp-json\/wp\/v2\/product\/2416","targetHints":{"allow":["GET"]}}],"collection":[{"href":"https:\/\/westgem.shop\/fr\/wp-json\/wp\/v2\/product"}],"about":[{"href":"https:\/\/westgem.shop\/fr\/wp-json\/wp\/v2\/types\/product"}],"wp:featuredmedia":[{"embeddable":true,"href":"https:\/\/westgem.shop\/fr\/wp-json\/wp\/v2\/media\/3216"}],"wp:attachment":[{"href":"https:\/\/westgem.shop\/fr\/wp-json\/wp\/v2\/media?parent=2416"}],"wp:term":[{"taxonomy":"region","embeddable":true,"href":"https:\/\/westgem.shop\/fr\/wp-json\/wp\/v2\/region?post=2416"},{"taxonomy":"product_brand","embeddable":true,"href":"https:\/\/westgem.shop\/fr\/wp-json\/wp\/v2\/product_brand?post=2416"},{"taxonomy":"product_cat","embeddable":true,"href":"https:\/\/westgem.shop\/fr\/wp-json\/wp\/v2\/product_cat?post=2416"},{"taxonomy":"product_tag","embeddable":true,"href":"https:\/\/westgem.shop\/fr\/wp-json\/wp\/v2\/product_tag?post=2416"}],"curies":[{"name":"wp","href":"https:\/\/api.w.org\/{rel}","templated":true}]}}