{"id":2417,"date":"2001-01-13T00:00:00","date_gmt":"2001-01-13T00:00:00","guid":{"rendered":"https:\/\/miners.rocks\/product\/roter-gipsspat-hoellgraben\/"},"modified":"2020-05-19T16:58:09","modified_gmt":"2020-05-19T16:58:09","slug":"gypse-rouge-hoellgraben","status":"publish","type":"product","link":"https:\/\/westgem.shop\/fr\/produit\/gypse-rouge-hoellgraben\/","title":{"rendered":"GIPSSPAT rouge - H\u00f6llgraben"},"content":{"rendered":"<p>Sulfate de calcium derbique - la couleur rouge provient de petites quantit\u00e9s de fer.<\/p>\n<p>Tr\u00e8s grande marche d\u00e9corative - un point fort dans chaque collection.<\/p>\n<p>Lieu de d\u00e9couverte<u> \u00e9tait<\/u> le H\u00f6llgraben pr\u00e8s de Werfen - Land de Salzbourg .<\/p>\n<p>Le gisement semble \u00eatre \u00e9puis\u00e9, car aucune nouvelle pi\u00e8ce n'a \u00e9t\u00e9 vue sur le march\u00e9 ces derni\u00e8res ann\u00e9es.<\/p>\n<p>poids : 2,20 kilogrammes<\/p>\n<p>Dimensions : 27 x 17 x 7 cm<\/p>","protected":false},"excerpt":{"rendered":"<p>Sulfate de calcium solide - la couleur rouge provient de petites quantit\u00e9s de fer. Tr\u00e8s grande marche d\u00e9corative - un point fort dans chaque collection. Le lieu de d\u00e9couverte \u00e9tait le H\u00f6llgraben pr\u00e8s de Werfen - Land de Salzbourg . Le site semble \u00eatre \u00e9puis\u00e9, car aucune nouvelle pi\u00e8ce n'est apparue sur le march\u00e9 ces derni\u00e8res ann\u00e9es. Poids : 2,20 kilogrammes Dimensions : 27 [...]<\/p>","protected":false},"featured_media":3218,"template":"","meta":{"_acf_changed":false},"region":[],"product_brand":[],"product_cat":[15],"product_tag":[],"class_list":{"0":"post-2417","1":"product","2":"type-product","3":"status-publish","4":"has-post-thumbnail","6":"product_cat-mineralien","8":"first","9":"outofstock","10":"sold-individually","11":"product-type-simple"},"acf":[],"_links":{"self":[{"href":"https:\/\/westgem.shop\/fr\/wp-json\/wp\/v2\/product\/2417","targetHints":{"allow":["GET"]}}],"collection":[{"href":"https:\/\/westgem.shop\/fr\/wp-json\/wp\/v2\/product"}],"about":[{"href":"https:\/\/westgem.shop\/fr\/wp-json\/wp\/v2\/types\/product"}],"wp:featuredmedia":[{"embeddable":true,"href":"https:\/\/westgem.shop\/fr\/wp-json\/wp\/v2\/media\/3218"}],"wp:attachment":[{"href":"https:\/\/westgem.shop\/fr\/wp-json\/wp\/v2\/media?parent=2417"}],"wp:term":[{"taxonomy":"region","embeddable":true,"href":"https:\/\/westgem.shop\/fr\/wp-json\/wp\/v2\/region?post=2417"},{"taxonomy":"product_brand","embeddable":true,"href":"https:\/\/westgem.shop\/fr\/wp-json\/wp\/v2\/product_brand?post=2417"},{"taxonomy":"product_cat","embeddable":true,"href":"https:\/\/westgem.shop\/fr\/wp-json\/wp\/v2\/product_cat?post=2417"},{"taxonomy":"product_tag","embeddable":true,"href":"https:\/\/westgem.shop\/fr\/wp-json\/wp\/v2\/product_tag?post=2417"}],"curies":[{"name":"wp","href":"https:\/\/api.w.org\/{rel}","templated":true}]}}