{"id":2418,"date":"2001-01-14T00:00:00","date_gmt":"2001-01-14T00:00:00","guid":{"rendered":"https:\/\/miners.rocks\/product\/zeiringit-oberzeiring-steiermark\/"},"modified":"2020-05-19T16:58:10","modified_gmt":"2020-05-19T16:58:10","slug":"zeiringit-oberzeiring-styrie","status":"publish","type":"product","link":"https:\/\/westgem.shop\/fr\/produit\/zeiringit-oberzeiring-styrie\/","title":{"rendered":"ZEIRINGIT - Oberzeiring\/Styrie"},"content":{"rendered":"<p>La z\u00e9iringite est une vari\u00e9t\u00e9 de couleur bleue du min\u00e9ral aragonite. Elle se forme par frittage dans les gisements de cuivre. De minuscules inclusions d'AURICHALCITE provoquent les nuances de bleu.<\/p>\n<p>Le lieu de la d\u00e9couverte et en m\u00eame temps la TYPLOCALIT\u00c9 \u00e9tait l'ancienne mine d'argent \u00e0 Oberzeiring en Styrie.<\/p>\n<p>C'est un <u>Extr\u00eamement rare<\/u> Les gisements ult\u00e9rieurs de ZEIRINGIT, \u00e0 Laurion\/Grichenland et au Japon, ne fournissent plus de nouvelles pi\u00e8ces depuis longtemps.<\/p>\n<p>Poids : 220 g Dimensions : 9 x 6 x 3 cm<\/p>","protected":false},"excerpt":{"rendered":"<p>La z\u00e9iringite est une vari\u00e9t\u00e9 de couleur bleue du min\u00e9ral aragonite. Elle se forme par frittage dans les gisements de cuivre. Les nuances de bleu sont dues \u00e0 de minuscules inclusions d'AURICHALCITE. Le lieu de d\u00e9couverte et la TYPLOCALIT\u00c9 \u00e9taient l'ancienne mine d'argent d'Oberzeiring en Styrie. C'est un min\u00e9ral EXTR\u00caMEMENT RARE et tr\u00e8s recherch\u00e9 par les collectionneurs, car l'exploitation mini\u00e8re \u00e0 Oberzeiring [...].<\/p>","protected":false},"featured_media":3222,"template":"","meta":{"_acf_changed":false},"region":[],"product_brand":[],"product_cat":[15],"product_tag":[],"class_list":{"0":"post-2418","1":"product","2":"type-product","3":"status-publish","4":"has-post-thumbnail","6":"product_cat-mineralien","8":"first","9":"outofstock","10":"sold-individually","11":"product-type-simple"},"acf":[],"_links":{"self":[{"href":"https:\/\/westgem.shop\/fr\/wp-json\/wp\/v2\/product\/2418","targetHints":{"allow":["GET"]}}],"collection":[{"href":"https:\/\/westgem.shop\/fr\/wp-json\/wp\/v2\/product"}],"about":[{"href":"https:\/\/westgem.shop\/fr\/wp-json\/wp\/v2\/types\/product"}],"wp:featuredmedia":[{"embeddable":true,"href":"https:\/\/westgem.shop\/fr\/wp-json\/wp\/v2\/media\/3222"}],"wp:attachment":[{"href":"https:\/\/westgem.shop\/fr\/wp-json\/wp\/v2\/media?parent=2418"}],"wp:term":[{"taxonomy":"region","embeddable":true,"href":"https:\/\/westgem.shop\/fr\/wp-json\/wp\/v2\/region?post=2418"},{"taxonomy":"product_brand","embeddable":true,"href":"https:\/\/westgem.shop\/fr\/wp-json\/wp\/v2\/product_brand?post=2418"},{"taxonomy":"product_cat","embeddable":true,"href":"https:\/\/westgem.shop\/fr\/wp-json\/wp\/v2\/product_cat?post=2418"},{"taxonomy":"product_tag","embeddable":true,"href":"https:\/\/westgem.shop\/fr\/wp-json\/wp\/v2\/product_tag?post=2418"}],"curies":[{"name":"wp","href":"https:\/\/api.w.org\/{rel}","templated":true}]}}