{"id":2419,"date":"2001-01-15T00:00:00","date_gmt":"2001-01-15T00:00:00","guid":{"rendered":"https:\/\/miners.rocks\/product\/lazulith-xx-salzburg\/"},"modified":"2020-05-19T16:58:11","modified_gmt":"2020-05-19T16:58:11","slug":"lazulith-xx-salzburg","status":"publish","type":"product","link":"https:\/\/westgem.shop\/fr\/produit\/lazulith-xx-salzburg\/","title":{"rendered":"LAZULITH xx - Salzbourg"},"content":{"rendered":"<p>LAZULITH xx - Niveau cristallin du H\u00f6llgraben pr\u00e8s de Werfen - Land de Salzbourg<\/p>\n<p>Ancienne d\u00e9couverte avec de beaux cristaux bleus de LAZULITH 'dans du schiste quartzite de Werfen.<\/p>\n<p>Poids : 100 g Dimensions : 8 x 6 x 3 cm<\/p>\n<p>L'image 3 est l'arri\u00e8re des marches<\/p>","protected":false},"excerpt":{"rendered":"<p>LAZULITH xx - Marchepied de cristal du H\u00f6llgraben pr\u00e8s de Werfen - Land de Salzbourg Ancienne d\u00e9couverte avec de beaux cristaux bleus de LAZULITH 'dans du schiste quartzite de Werfen. Poids : 100 g Dimensions : 8 x 6 x 3 cm La photo 3 montre le verso de la marche.<\/p>","protected":false},"featured_media":3225,"template":"","meta":{"_acf_changed":false},"region":[],"product_brand":[],"product_cat":[15],"product_tag":[],"class_list":{"0":"post-2419","1":"product","2":"type-product","3":"status-publish","4":"has-post-thumbnail","6":"product_cat-mineralien","8":"first","9":"outofstock","10":"sold-individually","11":"product-type-simple"},"acf":[],"_links":{"self":[{"href":"https:\/\/westgem.shop\/fr\/wp-json\/wp\/v2\/product\/2419","targetHints":{"allow":["GET"]}}],"collection":[{"href":"https:\/\/westgem.shop\/fr\/wp-json\/wp\/v2\/product"}],"about":[{"href":"https:\/\/westgem.shop\/fr\/wp-json\/wp\/v2\/types\/product"}],"wp:featuredmedia":[{"embeddable":true,"href":"https:\/\/westgem.shop\/fr\/wp-json\/wp\/v2\/media\/3225"}],"wp:attachment":[{"href":"https:\/\/westgem.shop\/fr\/wp-json\/wp\/v2\/media?parent=2419"}],"wp:term":[{"taxonomy":"region","embeddable":true,"href":"https:\/\/westgem.shop\/fr\/wp-json\/wp\/v2\/region?post=2419"},{"taxonomy":"product_brand","embeddable":true,"href":"https:\/\/westgem.shop\/fr\/wp-json\/wp\/v2\/product_brand?post=2419"},{"taxonomy":"product_cat","embeddable":true,"href":"https:\/\/westgem.shop\/fr\/wp-json\/wp\/v2\/product_cat?post=2419"},{"taxonomy":"product_tag","embeddable":true,"href":"https:\/\/westgem.shop\/fr\/wp-json\/wp\/v2\/product_tag?post=2419"}],"curies":[{"name":"wp","href":"https:\/\/api.w.org\/{rel}","templated":true}]}}