{"id":2420,"date":"2001-01-16T00:00:00","date_gmt":"2001-01-16T00:00:00","guid":{"rendered":"https:\/\/miners.rocks\/product\/schwefel-golling\/"},"modified":"2020-05-19T16:58:12","modified_gmt":"2020-05-19T16:58:12","slug":"soufre-golling","status":"publish","type":"product","link":"https:\/\/westgem.shop\/fr\/produit\/soufre-golling\/","title":{"rendered":"SCHWEFEL - Golling"},"content":{"rendered":"<p>ATTENTION RARIE - SEULES QUELQUES PI\u00c8CES de SCHWEFEL ont \u00e9t\u00e9 retrouv\u00e9es sur ce site - et ce, il y a longtemps.<\/p>\n<p>Exceptionnellement beau niveau SCHWEFEL - trouv\u00e9 dans la carri\u00e8re de gypse de Moosegg pr\u00e8s de Golling.<\/p>\n<p>SCHWEFEL a \u00e9t\u00e9 trouv\u00e9 dans des couches de s\u00e9diments de quelques cm d'\u00e9paisseur, dans un calcaire dolomitique des formations du Gutenstein, une roche volcanique plus ancienne.<\/p>\n<p>Poids : 750 g Dimensions : 17,5 x 8 x 5 cm<\/p>","protected":false},"excerpt":{"rendered":"<p>ATTENTION RARIE - SEULES QUELQUES PI\u00c8CES DE SCHWEFEL ont \u00e9t\u00e9 retrouv\u00e9es sur ce site - et ce il y a longtemps. Exceptionnellement beau niveau de SCHWEFEL - trouv\u00e9 dans la carri\u00e8re de gypse de Moosegg pr\u00e8s de Golling. SCHWEFEL a \u00e9t\u00e9 trouv\u00e9 dans des couches de s\u00e9diments de quelques cm d'\u00e9paisseur, dans un calcaire dolomitique des formations de Gutenstein, une roche volcanique plus ancienne. Poids : 750 g Dimensions : 17,5 [...]<\/p>","protected":false},"featured_media":3228,"template":"","meta":{"_acf_changed":false},"region":[],"product_brand":[],"product_cat":[15],"product_tag":[],"class_list":{"0":"post-2420","1":"product","2":"type-product","3":"status-publish","4":"has-post-thumbnail","6":"product_cat-mineralien","8":"first","9":"outofstock","10":"sold-individually","11":"product-type-simple"},"acf":[],"_links":{"self":[{"href":"https:\/\/westgem.shop\/fr\/wp-json\/wp\/v2\/product\/2420","targetHints":{"allow":["GET"]}}],"collection":[{"href":"https:\/\/westgem.shop\/fr\/wp-json\/wp\/v2\/product"}],"about":[{"href":"https:\/\/westgem.shop\/fr\/wp-json\/wp\/v2\/types\/product"}],"wp:featuredmedia":[{"embeddable":true,"href":"https:\/\/westgem.shop\/fr\/wp-json\/wp\/v2\/media\/3228"}],"wp:attachment":[{"href":"https:\/\/westgem.shop\/fr\/wp-json\/wp\/v2\/media?parent=2420"}],"wp:term":[{"taxonomy":"region","embeddable":true,"href":"https:\/\/westgem.shop\/fr\/wp-json\/wp\/v2\/region?post=2420"},{"taxonomy":"product_brand","embeddable":true,"href":"https:\/\/westgem.shop\/fr\/wp-json\/wp\/v2\/product_brand?post=2420"},{"taxonomy":"product_cat","embeddable":true,"href":"https:\/\/westgem.shop\/fr\/wp-json\/wp\/v2\/product_cat?post=2420"},{"taxonomy":"product_tag","embeddable":true,"href":"https:\/\/westgem.shop\/fr\/wp-json\/wp\/v2\/product_tag?post=2420"}],"curies":[{"name":"wp","href":"https:\/\/api.w.org\/{rel}","templated":true}]}}