{"id":2421,"date":"2001-01-17T00:00:00","date_gmt":"2001-01-17T00:00:00","guid":{"rendered":"https:\/\/miners.rocks\/product\/bergkristall-heiligenblut\/"},"modified":"2020-05-19T16:58:12","modified_gmt":"2020-05-19T16:58:12","slug":"cristal-de-roche-heiligenblut","status":"publish","type":"product","link":"https:\/\/westgem.shop\/fr\/produit\/cristal-de-roche-heiligenblut\/","title":{"rendered":"CRISTAL DE MONTAGNE - Heiligenblut"},"content":{"rendered":"<p>BERGKRISTALL xx Niveau avec PERIKLIN xx et SIDERIT xx .<\/p>\n<p>Ancienne d\u00e9couverte avec l'indication du lieu de d\u00e9couverte : Heiligenblut . Ce niveau provient tr\u00e8s probablement de la Gjaidtrogh\u00f6he dans la vall\u00e9e de Flei\u00dftal pr\u00e8s de Heiligenblut.<\/p>\n<p>La paragen\u00e8se avec la SIDERITE et la PERICLINE \u00e9tait typique pour ce site.<\/p>\n<p>La photo 4 montre la face inf\u00e9rieure de la marche - la marche est libre, droite, sans support !<\/p>\n<p>Poids : 750 g Dimensions : 15 x 11 x 5 cm<\/p>","protected":false},"excerpt":{"rendered":"<p>CRISTAL DE MONTAGNE xx niveau avec PERIKLIN xx et SIDERITE xx . Ancienne d\u00e9couverte avec l'indication du lieu de d\u00e9couverte : Heiligenblut . Ce niveau provient tr\u00e8s probablement de la Gjaidtrogh\u00f6he dans la vall\u00e9e de Flei\u00df pr\u00e8s de Heiligenblut. La paragen\u00e8se avec SIDERIT et PERIKLIN \u00e9tait typique pour ce site. La photo 4 montre la face inf\u00e9rieure de la marche - la marche est libre, droite, sans support ! Poids : 750 [...]<\/p>","protected":false},"featured_media":3232,"template":"","meta":{"_acf_changed":false},"region":[],"product_brand":[],"product_cat":[15],"product_tag":[],"class_list":{"0":"post-2421","1":"product","2":"type-product","3":"status-publish","4":"has-post-thumbnail","6":"product_cat-mineralien","8":"first","9":"outofstock","10":"sold-individually","11":"product-type-simple"},"acf":[],"_links":{"self":[{"href":"https:\/\/westgem.shop\/fr\/wp-json\/wp\/v2\/product\/2421","targetHints":{"allow":["GET"]}}],"collection":[{"href":"https:\/\/westgem.shop\/fr\/wp-json\/wp\/v2\/product"}],"about":[{"href":"https:\/\/westgem.shop\/fr\/wp-json\/wp\/v2\/types\/product"}],"wp:featuredmedia":[{"embeddable":true,"href":"https:\/\/westgem.shop\/fr\/wp-json\/wp\/v2\/media\/3232"}],"wp:attachment":[{"href":"https:\/\/westgem.shop\/fr\/wp-json\/wp\/v2\/media?parent=2421"}],"wp:term":[{"taxonomy":"region","embeddable":true,"href":"https:\/\/westgem.shop\/fr\/wp-json\/wp\/v2\/region?post=2421"},{"taxonomy":"product_brand","embeddable":true,"href":"https:\/\/westgem.shop\/fr\/wp-json\/wp\/v2\/product_brand?post=2421"},{"taxonomy":"product_cat","embeddable":true,"href":"https:\/\/westgem.shop\/fr\/wp-json\/wp\/v2\/product_cat?post=2421"},{"taxonomy":"product_tag","embeddable":true,"href":"https:\/\/westgem.shop\/fr\/wp-json\/wp\/v2\/product_tag?post=2421"}],"curies":[{"name":"wp","href":"https:\/\/api.w.org\/{rel}","templated":true}]}}