{"id":2422,"date":"2001-01-18T00:00:00","date_gmt":"2001-01-18T00:00:00","guid":{"rendered":"https:\/\/miners.rocks\/product\/mondstein-in-gabbro\/"},"modified":"2020-05-19T16:58:13","modified_gmt":"2020-05-19T16:58:13","slug":"pierre-de-lune-a-gabbro","status":"publish","type":"product","link":"https:\/\/westgem.shop\/fr\/produit\/pierre-de-lune-a-gabbro\/","title":{"rendered":"\"Pierre de lune\" \u00e0 GABBRO"},"content":{"rendered":"<p>Boule tr\u00e8s d\u00e9corative , taill\u00e9e et polie \u00e0 la main \u00e0 Madagascar.<\/p>\n<p>Mat\u00e9riau : GABBRO , qui est une plutonite - roche profonde avec des intercalations claires de feldspath potassique.<\/p>\n<p>Le mat\u00e9riau est appel\u00e9 \"PIERRE DE LUNE \u00e0 GABBRO\".<\/p>\n<p>La mati\u00e8re premi\u00e8re se trouve \u00e0 Madagascar.<\/p>\n<p>Poids de la boule : 1,35 kilogramme Diam\u00e8tre : 10 cm !<\/p>\n<p>PRIX SPECIAL !<\/p>","protected":false},"excerpt":{"rendered":"<p>Boule tr\u00e8s d\u00e9corative, taill\u00e9e et polie \u00e0 la main \u00e0 Madagascar. Mat\u00e9riau : GABBRO , c'est une plutonite - roche profonde avec des intercalations claires de feldspath potassique. Le mat\u00e9riau est appel\u00e9 \"PIERRE DE LUNE \u00e0 GABBRO\". La mati\u00e8re premi\u00e8re a \u00e9t\u00e9 trouv\u00e9e \u00e0 Madagascar. Poids de la sph\u00e8re : 1,35 kilogramme Diam\u00e8tre : 10 cm ! PRIX SPECIAL !<\/p>","protected":false},"featured_media":3236,"template":"","meta":{"_acf_changed":false},"region":[],"product_brand":[],"product_cat":[15],"product_tag":[],"class_list":{"0":"post-2422","1":"product","2":"type-product","3":"status-publish","4":"has-post-thumbnail","6":"product_cat-mineralien","8":"first","9":"outofstock","10":"sold-individually","11":"product-type-simple"},"acf":[],"_links":{"self":[{"href":"https:\/\/westgem.shop\/fr\/wp-json\/wp\/v2\/product\/2422","targetHints":{"allow":["GET"]}}],"collection":[{"href":"https:\/\/westgem.shop\/fr\/wp-json\/wp\/v2\/product"}],"about":[{"href":"https:\/\/westgem.shop\/fr\/wp-json\/wp\/v2\/types\/product"}],"wp:featuredmedia":[{"embeddable":true,"href":"https:\/\/westgem.shop\/fr\/wp-json\/wp\/v2\/media\/3236"}],"wp:attachment":[{"href":"https:\/\/westgem.shop\/fr\/wp-json\/wp\/v2\/media?parent=2422"}],"wp:term":[{"taxonomy":"region","embeddable":true,"href":"https:\/\/westgem.shop\/fr\/wp-json\/wp\/v2\/region?post=2422"},{"taxonomy":"product_brand","embeddable":true,"href":"https:\/\/westgem.shop\/fr\/wp-json\/wp\/v2\/product_brand?post=2422"},{"taxonomy":"product_cat","embeddable":true,"href":"https:\/\/westgem.shop\/fr\/wp-json\/wp\/v2\/product_cat?post=2422"},{"taxonomy":"product_tag","embeddable":true,"href":"https:\/\/westgem.shop\/fr\/wp-json\/wp\/v2\/product_tag?post=2422"}],"curies":[{"name":"wp","href":"https:\/\/api.w.org\/{rel}","templated":true}]}}