{"id":2423,"date":"2001-01-19T00:00:00","date_gmt":"2001-01-19T00:00:00","guid":{"rendered":"https:\/\/miners.rocks\/product\/schalenblende-bleiberg\/"},"modified":"2020-05-19T16:58:13","modified_gmt":"2020-05-19T16:58:13","slug":"ecran-de-coque-bleiberg","status":"publish","type":"product","link":"https:\/\/westgem.shop\/fr\/produit\/ecran-de-coque-bleiberg\/","title":{"rendered":"\u00c9CRAN DE COQUE - BLEIBERG"},"content":{"rendered":"<p>L'ARBRE DE COQUILLAGE est un agr\u00e9gat de fibres fines, compos\u00e9 de proportions variables de<\/p>\n<p>ZINKBLENDE - WURZIT et BLEIGLANZ - GALENIT<\/p>\n<p>Pi\u00e8ce polie d'un c\u00f4t\u00e9 de la mine Max de l'ancienne exploitation de plomb et de zinc \u00e0 Bleiberg\/Kreuth<\/p>\n<p>RARIT\u00c9 - seule cette pi\u00e8ce est disponible !<\/p>\n<p>Poids : 190 g Dimensions : 19 x 8 x 0,8 cm<\/p>\n<p>L'image 3 est le verso non poli.<\/p>","protected":false},"excerpt":{"rendered":"<p>BLANDE D'ECHELLE est un agr\u00e9gat de fibres fines, compos\u00e9 de proportions variables de BLANDE DE ZINC - WURZIT et de BLEIGLANZ - GALENIT Pi\u00e8ce polie d'un c\u00f4t\u00e9 de la mine Max de l'ancienne exploitation de plomb et de zinc \u00e0 Bleiberg\/Kreuth RARIT\u00c9 - seule cette pi\u00e8ce est disponible ! Poids : 190 g Dimensions : 19 x 8 x 0,8 cm La photo 3 est [...]<\/p>","protected":false},"featured_media":3238,"template":"","meta":{"_acf_changed":false},"region":[],"product_brand":[],"product_cat":[15],"product_tag":[],"class_list":{"0":"post-2423","1":"product","2":"type-product","3":"status-publish","4":"has-post-thumbnail","6":"product_cat-mineralien","8":"first","9":"outofstock","10":"sold-individually","11":"product-type-simple"},"acf":[],"_links":{"self":[{"href":"https:\/\/westgem.shop\/fr\/wp-json\/wp\/v2\/product\/2423","targetHints":{"allow":["GET"]}}],"collection":[{"href":"https:\/\/westgem.shop\/fr\/wp-json\/wp\/v2\/product"}],"about":[{"href":"https:\/\/westgem.shop\/fr\/wp-json\/wp\/v2\/types\/product"}],"wp:featuredmedia":[{"embeddable":true,"href":"https:\/\/westgem.shop\/fr\/wp-json\/wp\/v2\/media\/3238"}],"wp:attachment":[{"href":"https:\/\/westgem.shop\/fr\/wp-json\/wp\/v2\/media?parent=2423"}],"wp:term":[{"taxonomy":"region","embeddable":true,"href":"https:\/\/westgem.shop\/fr\/wp-json\/wp\/v2\/region?post=2423"},{"taxonomy":"product_brand","embeddable":true,"href":"https:\/\/westgem.shop\/fr\/wp-json\/wp\/v2\/product_brand?post=2423"},{"taxonomy":"product_cat","embeddable":true,"href":"https:\/\/westgem.shop\/fr\/wp-json\/wp\/v2\/product_cat?post=2423"},{"taxonomy":"product_tag","embeddable":true,"href":"https:\/\/westgem.shop\/fr\/wp-json\/wp\/v2\/product_tag?post=2423"}],"curies":[{"name":"wp","href":"https:\/\/api.w.org\/{rel}","templated":true}]}}