{"id":2424,"date":"2001-01-20T00:00:00","date_gmt":"2001-01-20T00:00:00","guid":{"rendered":"https:\/\/miners.rocks\/product\/aegirin-xx-neu-eingetroffen\/"},"modified":"2020-05-19T16:58:14","modified_gmt":"2020-05-19T16:58:14","slug":"aegirin-xx-nouvellement-arrive","status":"publish","type":"product","link":"https:\/\/westgem.shop\/fr\/produit\/aegirin-xx-nouvellement-arrive\/","title":{"rendered":"AEGIRIN xx NOUVELLE ENTR\u00c9E !"},"content":{"rendered":"<p>Tr\u00e8s beau petit niveau . AEGIRIN xx avec feldspath orthoclase.<\/p>\n<p>L'AEGIRIN est un silicate de fer et de sodium relativement rare. La localit\u00e9 type se trouve en Norv\u00e8ge. Nom d'apr\u00e8s un dieu nordique de la mer.<\/p>\n<p>Les meilleures marches AEGIRIN du monde proviennent actuellement de MALAWI en Afrique et plus pr\u00e9cis\u00e9ment du Mount Malosa. Le site est extr\u00eamement difficile d'acc\u00e8s, parfois dans des parties rocheuses abruptes qui mettent la vie en danger.<\/p>\n<p>Les cristaux AEGIRIN poss\u00e8dent un tr\u00e8s bon \u00e9clat - la couleur est noir-vert fonc\u00e9.<\/p>\n<p>Poids : 30 g Dimensions : 6 x 4 cm<\/p>","protected":false},"excerpt":{"rendered":"<p>Tr\u00e8s beau petit niveau . AEGIRIN xx avec feldspath orthoclase. AEGIRIN est un silicate de fer et de sodium relativement rare. La localit\u00e9 type se trouve en Norv\u00e8ge. Nom d'apr\u00e8s un dieu nordique de la mer. Les meilleurs niveaux d'AEGIRIN au monde proviennent actuellement de MALAWI en Afrique et plus pr\u00e9cis\u00e9ment du Mont Malosa. Le site est extr\u00eamement difficile \u00e0 atteindre, en partie dans des parties rocheuses abruptes qui mettent la vie en danger. Les AEGIRIN [...]<\/p>","protected":false},"featured_media":3241,"template":"","meta":{"_acf_changed":false},"region":[],"product_brand":[],"product_cat":[15],"product_tag":[],"class_list":{"0":"post-2424","1":"product","2":"type-product","3":"status-publish","4":"has-post-thumbnail","6":"product_cat-mineralien","8":"first","9":"outofstock","10":"sold-individually","11":"product-type-simple"},"acf":[],"_links":{"self":[{"href":"https:\/\/westgem.shop\/fr\/wp-json\/wp\/v2\/product\/2424","targetHints":{"allow":["GET"]}}],"collection":[{"href":"https:\/\/westgem.shop\/fr\/wp-json\/wp\/v2\/product"}],"about":[{"href":"https:\/\/westgem.shop\/fr\/wp-json\/wp\/v2\/types\/product"}],"wp:featuredmedia":[{"embeddable":true,"href":"https:\/\/westgem.shop\/fr\/wp-json\/wp\/v2\/media\/3241"}],"wp:attachment":[{"href":"https:\/\/westgem.shop\/fr\/wp-json\/wp\/v2\/media?parent=2424"}],"wp:term":[{"taxonomy":"region","embeddable":true,"href":"https:\/\/westgem.shop\/fr\/wp-json\/wp\/v2\/region?post=2424"},{"taxonomy":"product_brand","embeddable":true,"href":"https:\/\/westgem.shop\/fr\/wp-json\/wp\/v2\/product_brand?post=2424"},{"taxonomy":"product_cat","embeddable":true,"href":"https:\/\/westgem.shop\/fr\/wp-json\/wp\/v2\/product_cat?post=2424"},{"taxonomy":"product_tag","embeddable":true,"href":"https:\/\/westgem.shop\/fr\/wp-json\/wp\/v2\/product_tag?post=2424"}],"curies":[{"name":"wp","href":"https:\/\/api.w.org\/{rel}","templated":true}]}}