{"id":2425,"date":"2001-01-21T00:00:00","date_gmt":"2001-01-21T00:00:00","guid":{"rendered":"https:\/\/miners.rocks\/product\/kaktusquarz-xx\/"},"modified":"2020-05-19T16:58:14","modified_gmt":"2020-05-19T16:58:14","slug":"quartz-cactus-xx","status":"publish","type":"product","link":"https:\/\/westgem.shop\/fr\/produit\/quartz-cactus-xx\/","title":{"rendered":"QUARTZ DE CACTURE xx"},"content":{"rendered":"<p>NOUVELLEMENT ARRIV\u00c9S :<\/p>\n<p>QUARTZ CACTUS xx Les plus spectaculaires marches de quartz am\u00e9thyste jamais trouv\u00e9es en Afrique du Sud sont sur le march\u00e9 depuis 2000. Le nom fait r\u00e9f\u00e9rence \u00e0 l'apparence. Le long des cristaux m\u00e8res de la premi\u00e8re g\u00e9n\u00e9ration, d'innombrables petits cristaux de la deuxi\u00e8me g\u00e9n\u00e9ration se sont form\u00e9s le long des faces prismatiques, mais les faces terminales des cristaux sont toujours rest\u00e9es libres.<\/p>\n<p>Ces superbes marches sont trouv\u00e9es dans des veines de quartz dans le Bushveld Complex, une formation magmatique de renomm\u00e9e mondiale qui contient de grandes quantit\u00e9s de platine et de chrome.<\/p>\n<p>Ces QUARTZ CACTUS ne sont trouv\u00e9s qu'\u00e0 des intervalles variables. Souvent, il n'y a que peu ou pas de pi\u00e8ces - actuellement, plusieurs d\u00e9couvertes sont \u00e0 nouveau disponibles - la seule question est de savoir pour combien de temps, en 2004 d\u00e9j\u00e0, le site semblait s'\u00eatre \u00e9teint.<\/p>\n<p>Lieu de d\u00e9couverte : Bushvelt Complex - environ 70 km au nord de Pretoria -R\u00e9publique d'Afrique du Sud<\/p>\n<p>Poids de cette \u00e9tape : 350 g<\/p>\n<p>Dimensions : 11 x 7 x 6 cm<\/p>\n<p>Vous trouverez d'autres QUARTZ DE CACTURE dans la cat\u00e9gorie :<\/p>\n<p>MIN\u00c9RAUX D'AFRIQUE<\/p>","protected":false},"excerpt":{"rendered":"<p>QUARTZ CACTUS xx Les plus spectaculaires marches de quartz am\u00e9thyste jamais trouv\u00e9es en Afrique du Sud sont sur le march\u00e9 depuis 2000. Le nom fait r\u00e9f\u00e9rence \u00e0 l'apparence. Le long des cristaux m\u00e8res de la premi\u00e8re g\u00e9n\u00e9ration, d'innombrables petits cristaux de la deuxi\u00e8me g\u00e9n\u00e9ration se sont form\u00e9s le long des faces prismatiques, mais les faces terminales des cristaux sont toujours rest\u00e9es libres.<\/p>","protected":false},"featured_media":3244,"template":"","meta":{"_acf_changed":false},"region":[],"product_brand":[],"product_cat":[15],"product_tag":[],"class_list":{"0":"post-2425","1":"product","2":"type-product","3":"status-publish","4":"has-post-thumbnail","6":"product_cat-mineralien","8":"first","9":"outofstock","10":"sold-individually","11":"product-type-simple"},"acf":[],"_links":{"self":[{"href":"https:\/\/westgem.shop\/fr\/wp-json\/wp\/v2\/product\/2425","targetHints":{"allow":["GET"]}}],"collection":[{"href":"https:\/\/westgem.shop\/fr\/wp-json\/wp\/v2\/product"}],"about":[{"href":"https:\/\/westgem.shop\/fr\/wp-json\/wp\/v2\/types\/product"}],"wp:featuredmedia":[{"embeddable":true,"href":"https:\/\/westgem.shop\/fr\/wp-json\/wp\/v2\/media\/3244"}],"wp:attachment":[{"href":"https:\/\/westgem.shop\/fr\/wp-json\/wp\/v2\/media?parent=2425"}],"wp:term":[{"taxonomy":"region","embeddable":true,"href":"https:\/\/westgem.shop\/fr\/wp-json\/wp\/v2\/region?post=2425"},{"taxonomy":"product_brand","embeddable":true,"href":"https:\/\/westgem.shop\/fr\/wp-json\/wp\/v2\/product_brand?post=2425"},{"taxonomy":"product_cat","embeddable":true,"href":"https:\/\/westgem.shop\/fr\/wp-json\/wp\/v2\/product_cat?post=2425"},{"taxonomy":"product_tag","embeddable":true,"href":"https:\/\/westgem.shop\/fr\/wp-json\/wp\/v2\/product_tag?post=2425"}],"curies":[{"name":"wp","href":"https:\/\/api.w.org\/{rel}","templated":true}]}}