{"id":2426,"date":"2001-01-22T00:00:00","date_gmt":"2001-01-22T00:00:00","guid":{"rendered":"https:\/\/miners.rocks\/product\/malachit-chrysokoll-neu-eingetroffen\/"},"modified":"2020-05-19T16:58:15","modified_gmt":"2020-05-19T16:58:15","slug":"malachite-chrysocolle-nouvellement-arrivee","status":"publish","type":"product","link":"https:\/\/westgem.shop\/fr\/produit\/malachite-chrysocolle-nouvellement-arrivee\/","title":{"rendered":"Malachite &amp; CHRYSOCOL - NOUVEAU !"},"content":{"rendered":"<p>Arriv\u00e9 directement d'Afrique le 23.6.<\/p>\n<p>Malachite avec CHRYSOKOLL de la MINE de RUASHI \u00e0 LUBUMBASHI - Congo<\/p>\n<p>Ces derni\u00e8res ann\u00e9es, il est devenu tr\u00e8s difficile d'obtenir des minerais du Congo. Les commer\u00e7ants europ\u00e9ens qui voulaient acheter directement au Congo racontent des histoires d'horreur sur les conditions, la terreur militaire et polici\u00e8re et les prix totalement lunaires. Les habitants d'Elisabethville demandent 1.000 dollars pour un niveau de malachite de la taille d'une main !<\/p>\n<p>Nous nous approvisionnons en malachite aupr\u00e8s d'une compagnie sud-africaine qui exploite trois mines au Congo et nous vend \u00e9galement des niveaux \u00e0 un prix r\u00e9aliste.<\/p>\n<p>Cette superbe pi\u00e8ce est une malachite dite BOTROIDALE (-rubis -) avec un beau CHRYSOKOLL bleu clair.<\/p>\n<p>Poids : 380 g Dimensions : 10 x 7 x 5 cm<\/p>\n<p><u>D'AUTRES PIERRES et PIERRES POLIES ainsi que des ELEFANTS et LIONS en malachite sculpt\u00e9s \u00e0 la main seront pr\u00e9sent\u00e9s ici dans les prochains jours.<\/u><\/p>","protected":false},"excerpt":{"rendered":"<p>Arriv\u00e9 directement d'Afrique le 23.6. Malachite avec CHRYSOKOLL de la mine de RUASHI \u00e0 LUBUMBASHI - Congo Ces derni\u00e8res ann\u00e9es, il est devenu tr\u00e8s difficile d'obtenir des minerais du Congo. Les commer\u00e7ants europ\u00e9ens qui voulaient acheter directement au Congo racontent des histoires d'horreur sur les conditions, la terreur militaire et polici\u00e8re et les prix totalement lunaires. Les autochtones [...]<\/p>","protected":false},"featured_media":3247,"template":"","meta":{"_acf_changed":false},"region":[],"product_brand":[],"product_cat":[15],"product_tag":[],"class_list":{"0":"post-2426","1":"product","2":"type-product","3":"status-publish","4":"has-post-thumbnail","6":"product_cat-mineralien","8":"first","9":"outofstock","10":"sold-individually","11":"product-type-simple"},"acf":[],"_links":{"self":[{"href":"https:\/\/westgem.shop\/fr\/wp-json\/wp\/v2\/product\/2426","targetHints":{"allow":["GET"]}}],"collection":[{"href":"https:\/\/westgem.shop\/fr\/wp-json\/wp\/v2\/product"}],"about":[{"href":"https:\/\/westgem.shop\/fr\/wp-json\/wp\/v2\/types\/product"}],"wp:featuredmedia":[{"embeddable":true,"href":"https:\/\/westgem.shop\/fr\/wp-json\/wp\/v2\/media\/3247"}],"wp:attachment":[{"href":"https:\/\/westgem.shop\/fr\/wp-json\/wp\/v2\/media?parent=2426"}],"wp:term":[{"taxonomy":"region","embeddable":true,"href":"https:\/\/westgem.shop\/fr\/wp-json\/wp\/v2\/region?post=2426"},{"taxonomy":"product_brand","embeddable":true,"href":"https:\/\/westgem.shop\/fr\/wp-json\/wp\/v2\/product_brand?post=2426"},{"taxonomy":"product_cat","embeddable":true,"href":"https:\/\/westgem.shop\/fr\/wp-json\/wp\/v2\/product_cat?post=2426"},{"taxonomy":"product_tag","embeddable":true,"href":"https:\/\/westgem.shop\/fr\/wp-json\/wp\/v2\/product_tag?post=2426"}],"curies":[{"name":"wp","href":"https:\/\/api.w.org\/{rel}","templated":true}]}}