{"id":2428,"date":"2001-01-24T00:00:00","date_gmt":"2001-01-24T00:00:00","guid":{"rendered":"https:\/\/miners.rocks\/product\/kaktusquarz-xx-2\/"},"modified":"2020-05-19T16:58:16","modified_gmt":"2020-05-19T16:58:16","slug":"quartz-de-cactus-xx-2","status":"publish","type":"product","link":"https:\/\/westgem.shop\/fr\/produit\/quartz-de-cactus-xx-2\/","title":{"rendered":"QUARTZ DE CACTURE xx"},"content":{"rendered":"<p>Belle STUDES EN QUARTZ DE CACTUS avec - bien s\u00fbr - des surfaces terminales intactes .<\/p>\n<p>Description d\u00e9taill\u00e9e pour l'art. : AF - 035 <u>NOUVEAUX QUARTZ DE CACTUS<\/u><\/p>\n<p>sur la page d'accueil sous :G anz frisch im Sortiment .....<\/p>\n<p>Ce niveau : poids : 360 g Dimensions : 11 x 6 x 7 cm<\/p>","protected":false},"excerpt":{"rendered":"<p>Belle PI\u00c8CE DE QUARTZ DE CACCUS avec des surfaces finales - naturellement - intactes. Description d\u00e9taill\u00e9e sous l'art. AF - 035 NOUVEAUX QUARTZ DE CACCUS sur la page d'accueil sous :G anz frisch im Sortiment ..... Ce niveau : Poids : 360 g Dimensions : 11 x 6 x 7 cm<\/p>","protected":false},"featured_media":3254,"template":"","meta":{"_acf_changed":false},"region":[],"product_brand":[],"product_cat":[15],"product_tag":[],"class_list":{"0":"post-2428","1":"product","2":"type-product","3":"status-publish","4":"has-post-thumbnail","6":"product_cat-mineralien","8":"first","9":"outofstock","10":"sold-individually","11":"product-type-simple"},"acf":[],"_links":{"self":[{"href":"https:\/\/westgem.shop\/fr\/wp-json\/wp\/v2\/product\/2428","targetHints":{"allow":["GET"]}}],"collection":[{"href":"https:\/\/westgem.shop\/fr\/wp-json\/wp\/v2\/product"}],"about":[{"href":"https:\/\/westgem.shop\/fr\/wp-json\/wp\/v2\/types\/product"}],"wp:featuredmedia":[{"embeddable":true,"href":"https:\/\/westgem.shop\/fr\/wp-json\/wp\/v2\/media\/3254"}],"wp:attachment":[{"href":"https:\/\/westgem.shop\/fr\/wp-json\/wp\/v2\/media?parent=2428"}],"wp:term":[{"taxonomy":"region","embeddable":true,"href":"https:\/\/westgem.shop\/fr\/wp-json\/wp\/v2\/region?post=2428"},{"taxonomy":"product_brand","embeddable":true,"href":"https:\/\/westgem.shop\/fr\/wp-json\/wp\/v2\/product_brand?post=2428"},{"taxonomy":"product_cat","embeddable":true,"href":"https:\/\/westgem.shop\/fr\/wp-json\/wp\/v2\/product_cat?post=2428"},{"taxonomy":"product_tag","embeddable":true,"href":"https:\/\/westgem.shop\/fr\/wp-json\/wp\/v2\/product_tag?post=2428"}],"curies":[{"name":"wp","href":"https:\/\/api.w.org\/{rel}","templated":true}]}}