{"id":2429,"date":"2001-01-25T00:00:00","date_gmt":"2001-01-25T00:00:00","guid":{"rendered":"https:\/\/miners.rocks\/product\/botroidal-malachit-kongo\/"},"modified":"2020-05-19T16:58:18","modified_gmt":"2020-05-19T16:58:18","slug":"malachite-botulique-du-congo","status":"publish","type":"product","link":"https:\/\/westgem.shop\/fr\/produit\/malachite-botulique-du-congo\/","title":{"rendered":"Malachite botulique - Congo"},"content":{"rendered":"<p>Tr\u00e8s belle marche en malachite tr\u00e8s brillante avec un peu de CHRYSOCOLL bleu clair.<\/p>\n<p>Description d\u00e9taill\u00e9e sur la page d'accueil sous : Malachite &amp; CHRYSOCOL - NOUVEAU<\/p>\n<p>Poids : 380 g Dimensions : 8 x 8 x 6 cm<\/p>\n<p>L'image 4 est la face arri\u00e8re avec CHRYSOKOLL<\/p>","protected":false},"excerpt":{"rendered":"<p>Tr\u00e8s belle marche en malachite tr\u00e8s brillante avec un peu de CHRYSOCOLL bleu clair. Description d\u00e9taill\u00e9e sur la page d'accueil sous : Malachite &amp; CHRYSOKOLL - NOUVEAU Poids : 380 g Dimensions : 8 x 8 x 6 cm La photo 4 est le verso avec CHRYSOKOLL<\/p>","protected":false},"featured_media":3257,"template":"","meta":{"_acf_changed":false},"region":[],"product_brand":[],"product_cat":[15],"product_tag":[],"class_list":{"0":"post-2429","1":"product","2":"type-product","3":"status-publish","4":"has-post-thumbnail","6":"product_cat-mineralien","8":"first","9":"outofstock","10":"sold-individually","11":"product-type-simple"},"acf":[],"_links":{"self":[{"href":"https:\/\/westgem.shop\/fr\/wp-json\/wp\/v2\/product\/2429","targetHints":{"allow":["GET"]}}],"collection":[{"href":"https:\/\/westgem.shop\/fr\/wp-json\/wp\/v2\/product"}],"about":[{"href":"https:\/\/westgem.shop\/fr\/wp-json\/wp\/v2\/types\/product"}],"wp:featuredmedia":[{"embeddable":true,"href":"https:\/\/westgem.shop\/fr\/wp-json\/wp\/v2\/media\/3257"}],"wp:attachment":[{"href":"https:\/\/westgem.shop\/fr\/wp-json\/wp\/v2\/media?parent=2429"}],"wp:term":[{"taxonomy":"region","embeddable":true,"href":"https:\/\/westgem.shop\/fr\/wp-json\/wp\/v2\/region?post=2429"},{"taxonomy":"product_brand","embeddable":true,"href":"https:\/\/westgem.shop\/fr\/wp-json\/wp\/v2\/product_brand?post=2429"},{"taxonomy":"product_cat","embeddable":true,"href":"https:\/\/westgem.shop\/fr\/wp-json\/wp\/v2\/product_cat?post=2429"},{"taxonomy":"product_tag","embeddable":true,"href":"https:\/\/westgem.shop\/fr\/wp-json\/wp\/v2\/product_tag?post=2429"}],"curies":[{"name":"wp","href":"https:\/\/api.w.org\/{rel}","templated":true}]}}