{"id":2430,"date":"2001-01-26T00:00:00","date_gmt":"2001-01-26T00:00:00","guid":{"rendered":"https:\/\/miners.rocks\/product\/kaktusquarz-xx-bushveld-complex\/"},"modified":"2020-05-19T16:58:18","modified_gmt":"2020-05-19T16:58:18","slug":"quartz-de-cactus-xx-bushveld-complex","status":"publish","type":"product","link":"https:\/\/westgem.shop\/fr\/produit\/quartz-de-cactus-xx-bushveld-complex\/","title":{"rendered":"KAKTUSQUARZ xx - Complexe Bushveld"},"content":{"rendered":"<p>QUARTZ DE CACTUS \u00c9tape de la nouvelle d\u00e9couverte de 2011.<\/p>\n<p>Description d\u00e9taill\u00e9e pour : NOUVEAUX QUARTZ CACTUS ENTR\u00c9S - Page d'accueil en haut.<\/p>\n<p>Poids de cette \u00e9tape : 350 g Dimensions : 11,5 x 8 x 5 cm<\/p>","protected":false},"excerpt":{"rendered":"<p>Marchepied en QUARTZ DE CACCULAIRE de la nouvelle d\u00e9couverte 2011. Description d\u00e9taill\u00e9e sur : NOUVEAUX QUARTZ DE CACCULAIRE ARRIV\u00c9S - page d'accueil ci-dessus. Poids de cette marche : 350 g Dimensions : 11,5 x 8 x 5 cm<\/p>","protected":false},"featured_media":3261,"template":"","meta":{"_acf_changed":false},"region":[],"product_brand":[],"product_cat":[15],"product_tag":[],"class_list":{"0":"post-2430","1":"product","2":"type-product","3":"status-publish","4":"has-post-thumbnail","6":"product_cat-mineralien","8":"first","9":"outofstock","10":"sold-individually","11":"product-type-simple"},"acf":[],"_links":{"self":[{"href":"https:\/\/westgem.shop\/fr\/wp-json\/wp\/v2\/product\/2430","targetHints":{"allow":["GET"]}}],"collection":[{"href":"https:\/\/westgem.shop\/fr\/wp-json\/wp\/v2\/product"}],"about":[{"href":"https:\/\/westgem.shop\/fr\/wp-json\/wp\/v2\/types\/product"}],"wp:featuredmedia":[{"embeddable":true,"href":"https:\/\/westgem.shop\/fr\/wp-json\/wp\/v2\/media\/3261"}],"wp:attachment":[{"href":"https:\/\/westgem.shop\/fr\/wp-json\/wp\/v2\/media?parent=2430"}],"wp:term":[{"taxonomy":"region","embeddable":true,"href":"https:\/\/westgem.shop\/fr\/wp-json\/wp\/v2\/region?post=2430"},{"taxonomy":"product_brand","embeddable":true,"href":"https:\/\/westgem.shop\/fr\/wp-json\/wp\/v2\/product_brand?post=2430"},{"taxonomy":"product_cat","embeddable":true,"href":"https:\/\/westgem.shop\/fr\/wp-json\/wp\/v2\/product_cat?post=2430"},{"taxonomy":"product_tag","embeddable":true,"href":"https:\/\/westgem.shop\/fr\/wp-json\/wp\/v2\/product_tag?post=2430"}],"curies":[{"name":"wp","href":"https:\/\/api.w.org\/{rel}","templated":true}]}}