{"id":2431,"date":"2001-01-27T00:00:00","date_gmt":"2001-01-27T00:00:00","guid":{"rendered":"https:\/\/miners.rocks\/product\/kaktusquarz-xx-suedafrika\/"},"modified":"2020-05-19T16:58:19","modified_gmt":"2020-05-19T16:58:19","slug":"quartz-de-cactus-xx-afrique-du-sud","status":"publish","type":"product","link":"https:\/\/westgem.shop\/fr\/produit\/quartz-de-cactus-xx-afrique-du-sud\/","title":{"rendered":"KAKTUSQUARZ xx - Afrique du Sud"},"content":{"rendered":"<p>Belle marche manuelle avec des surfaces d'extr\u00e9mit\u00e9 non endommag\u00e9es.<\/p>\n<p>Description d\u00e9taill\u00e9e pour : NOUVEAUX QUARTZ CACTUS ENTR\u00c9S - Page d'accueil en haut.<\/p>\n<p>Ce niveau : poids : 240 g dimensions : 8 x 7 x 6 cm<\/p>","protected":false},"excerpt":{"rendered":"<p>Belle marche manuelle avec surfaces d'extr\u00e9mit\u00e9 non endommag\u00e9es. Description d\u00e9taill\u00e9e chez : NOUVEAUX QUARTZ DE CACCUS ENTR\u00c9S - page d'accueil en haut ! Cette marche : Poids : 240 g Dimensions : 8 x 7 x 6 cm<\/p>","protected":false},"featured_media":3264,"template":"","meta":{"_acf_changed":false},"region":[],"product_brand":[],"product_cat":[15],"product_tag":[],"class_list":{"0":"post-2431","1":"product","2":"type-product","3":"status-publish","4":"has-post-thumbnail","6":"product_cat-mineralien","8":"first","9":"outofstock","10":"sold-individually","11":"product-type-simple"},"acf":[],"_links":{"self":[{"href":"https:\/\/westgem.shop\/fr\/wp-json\/wp\/v2\/product\/2431","targetHints":{"allow":["GET"]}}],"collection":[{"href":"https:\/\/westgem.shop\/fr\/wp-json\/wp\/v2\/product"}],"about":[{"href":"https:\/\/westgem.shop\/fr\/wp-json\/wp\/v2\/types\/product"}],"wp:featuredmedia":[{"embeddable":true,"href":"https:\/\/westgem.shop\/fr\/wp-json\/wp\/v2\/media\/3264"}],"wp:attachment":[{"href":"https:\/\/westgem.shop\/fr\/wp-json\/wp\/v2\/media?parent=2431"}],"wp:term":[{"taxonomy":"region","embeddable":true,"href":"https:\/\/westgem.shop\/fr\/wp-json\/wp\/v2\/region?post=2431"},{"taxonomy":"product_brand","embeddable":true,"href":"https:\/\/westgem.shop\/fr\/wp-json\/wp\/v2\/product_brand?post=2431"},{"taxonomy":"product_cat","embeddable":true,"href":"https:\/\/westgem.shop\/fr\/wp-json\/wp\/v2\/product_cat?post=2431"},{"taxonomy":"product_tag","embeddable":true,"href":"https:\/\/westgem.shop\/fr\/wp-json\/wp\/v2\/product_tag?post=2431"}],"curies":[{"name":"wp","href":"https:\/\/api.w.org\/{rel}","templated":true}]}}