{"id":2432,"date":"2001-01-28T00:00:00","date_gmt":"2001-01-28T00:00:00","guid":{"rendered":"https:\/\/miners.rocks\/product\/himmelblauer-chalcedon-malawi-afrika\/"},"modified":"2020-05-19T16:58:19","modified_gmt":"2020-05-19T16:58:19","slug":"calcedoine-bleu-ciel-malawi-afrique","status":"publish","type":"product","link":"https:\/\/westgem.shop\/fr\/produit\/calcedoine-bleu-ciel-malawi-afrique\/","title":{"rendered":"CHALCEDON bleu ciel - MALAWI\/Afrique"},"content":{"rendered":"<p>Joliment bleu ciel, les marches CHALCEDON de la<\/p>\n<p>R\u00e9gion de CHIKWAWA dans la Southern Area de MALAWI - AFRIQUE<\/p>\n<p>Poids : 150 g Dimensions : 11 x 7 x 4 cm<\/p>\n<p>AUTRES CHALCEDONES de cette r\u00e9gion se trouvent dans la cat\u00e9gorie : MIN\u00c9RAUX D'AFRIQUE<\/p>","protected":false},"excerpt":{"rendered":"<p>Magnifique CHALCEDON bleu ciel de la r\u00e9gion de CHIKWAWA dans la Southern Area de MALAWI - AFRIQUE Poids : 150 g Dimensions : 11 x 7 x 4 cm Vous trouverez d'autres CHALCEDONS de cette r\u00e9gion dans la cat\u00e9gorie : MINERAIS D'AFRIQUE<\/p>","protected":false},"featured_media":3267,"template":"","meta":{"_acf_changed":false},"region":[],"product_brand":[],"product_cat":[15],"product_tag":[],"class_list":{"0":"post-2432","1":"product","2":"type-product","3":"status-publish","4":"has-post-thumbnail","6":"product_cat-mineralien","8":"first","9":"outofstock","10":"sold-individually","11":"product-type-simple"},"acf":[],"_links":{"self":[{"href":"https:\/\/westgem.shop\/fr\/wp-json\/wp\/v2\/product\/2432","targetHints":{"allow":["GET"]}}],"collection":[{"href":"https:\/\/westgem.shop\/fr\/wp-json\/wp\/v2\/product"}],"about":[{"href":"https:\/\/westgem.shop\/fr\/wp-json\/wp\/v2\/types\/product"}],"wp:featuredmedia":[{"embeddable":true,"href":"https:\/\/westgem.shop\/fr\/wp-json\/wp\/v2\/media\/3267"}],"wp:attachment":[{"href":"https:\/\/westgem.shop\/fr\/wp-json\/wp\/v2\/media?parent=2432"}],"wp:term":[{"taxonomy":"region","embeddable":true,"href":"https:\/\/westgem.shop\/fr\/wp-json\/wp\/v2\/region?post=2432"},{"taxonomy":"product_brand","embeddable":true,"href":"https:\/\/westgem.shop\/fr\/wp-json\/wp\/v2\/product_brand?post=2432"},{"taxonomy":"product_cat","embeddable":true,"href":"https:\/\/westgem.shop\/fr\/wp-json\/wp\/v2\/product_cat?post=2432"},{"taxonomy":"product_tag","embeddable":true,"href":"https:\/\/westgem.shop\/fr\/wp-json\/wp\/v2\/product_tag?post=2432"}],"curies":[{"name":"wp","href":"https:\/\/api.w.org\/{rel}","templated":true}]}}