{"id":2433,"date":"2001-01-29T00:00:00","date_gmt":"2001-01-29T00:00:00","guid":{"rendered":"https:\/\/miners.rocks\/product\/chalcedon-malawi-afrika\/"},"modified":"2020-05-19T16:58:19","modified_gmt":"2020-05-19T16:58:19","slug":"chalcedoine-malawi-afrique","status":"publish","type":"product","link":"https:\/\/westgem.shop\/fr\/produit\/chalcedoine-malawi-afrique\/","title":{"rendered":"CALC\u00c9DOINE - AFRIQUE DU MALAWI"},"content":{"rendered":"<p>Grand CHALCEDON bleu ciel de bonne couleur.<\/p>\n<p>Le site de la d\u00e9couverte est la r\u00e9gion de CHIKWAWA au sud de MALAWI en Afrique.<\/p>\n<p>Poids : 785 g Dimensions : 13 x 11 x 7 cm<\/p>\n<p>Vous trouverez d'autres CHALCEDONE de cette nouvelle livraison dans la cat\u00e9gorie<\/p>\n<p>MIN\u00c9RAUX D'AFRIQUE<\/p>","protected":false},"excerpt":{"rendered":"<p>Grand CHALCEDON bleu ciel de bonne couleur. Il a \u00e9t\u00e9 trouv\u00e9 dans la r\u00e9gion de CHIKWAWA au sud de MALAWI en Afrique. Poids : 785 g Dimensions : 13 x 11 x 7 cm Vous trouverez d'autres CHALCEDONE de cette nouvelle livraison dans la cat\u00e9gorie MINERAIS D'AFRIQUE<\/p>","protected":false},"featured_media":3270,"template":"","meta":{"_acf_changed":false},"region":[],"product_brand":[],"product_cat":[15],"product_tag":[],"class_list":{"0":"post-2433","1":"product","2":"type-product","3":"status-publish","4":"has-post-thumbnail","6":"product_cat-mineralien","8":"first","9":"outofstock","10":"sold-individually","11":"product-type-simple"},"acf":[],"_links":{"self":[{"href":"https:\/\/westgem.shop\/fr\/wp-json\/wp\/v2\/product\/2433","targetHints":{"allow":["GET"]}}],"collection":[{"href":"https:\/\/westgem.shop\/fr\/wp-json\/wp\/v2\/product"}],"about":[{"href":"https:\/\/westgem.shop\/fr\/wp-json\/wp\/v2\/types\/product"}],"wp:featuredmedia":[{"embeddable":true,"href":"https:\/\/westgem.shop\/fr\/wp-json\/wp\/v2\/media\/3270"}],"wp:attachment":[{"href":"https:\/\/westgem.shop\/fr\/wp-json\/wp\/v2\/media?parent=2433"}],"wp:term":[{"taxonomy":"region","embeddable":true,"href":"https:\/\/westgem.shop\/fr\/wp-json\/wp\/v2\/region?post=2433"},{"taxonomy":"product_brand","embeddable":true,"href":"https:\/\/westgem.shop\/fr\/wp-json\/wp\/v2\/product_brand?post=2433"},{"taxonomy":"product_cat","embeddable":true,"href":"https:\/\/westgem.shop\/fr\/wp-json\/wp\/v2\/product_cat?post=2433"},{"taxonomy":"product_tag","embeddable":true,"href":"https:\/\/westgem.shop\/fr\/wp-json\/wp\/v2\/product_tag?post=2433"}],"curies":[{"name":"wp","href":"https:\/\/api.w.org\/{rel}","templated":true}]}}