{"id":2434,"date":"2001-01-30T00:00:00","date_gmt":"2001-01-30T00:00:00","guid":{"rendered":"https:\/\/miners.rocks\/product\/chalcedon-malawi\/"},"modified":"2020-05-19T16:58:20","modified_gmt":"2020-05-19T16:58:20","slug":"chalcedoine-malawi","status":"publish","type":"product","link":"https:\/\/westgem.shop\/fr\/produit\/chalcedoine-malawi\/","title":{"rendered":"CHALC\u00c9DOINE - MALAWI"},"content":{"rendered":"<p>CHALCEDON bleu ciel tr\u00e8s d\u00e9coratif avec une druse en quartz blanc ( CRISTAL DE MONTAGNE).<\/p>\n<p>Le c\u00e9l\u00e8bre site se trouve \u00e0 MALAWI en Afrique<\/p>\n<p>Plus pr\u00e9cis\u00e9ment, il s'agit de la r\u00e9gion de CHIKWAWA dans le sud du pays.<\/p>\n<p>Poids : 670 g Dimensions : 10 x 10 x 6 cm<\/p>","protected":false},"excerpt":{"rendered":"<p>CHALCEDON bleu ciel tr\u00e8s d\u00e9coratif avec une druse en quartz blanc (CRISTAL DE MONTAGNE). Le c\u00e9l\u00e8bre site se trouve au MALAWI en Afrique, plus pr\u00e9cis\u00e9ment dans la r\u00e9gion de CHIKWAWA au sud du pays. Poids : 670 g Dimensions : 10 x 10 x 6 cm<\/p>","protected":false},"featured_media":3274,"template":"","meta":{"_acf_changed":false},"region":[],"product_brand":[],"product_cat":[15],"product_tag":[],"class_list":{"0":"post-2434","1":"product","2":"type-product","3":"status-publish","4":"has-post-thumbnail","6":"product_cat-mineralien","8":"first","9":"outofstock","10":"sold-individually","11":"product-type-simple"},"acf":[],"_links":{"self":[{"href":"https:\/\/westgem.shop\/fr\/wp-json\/wp\/v2\/product\/2434","targetHints":{"allow":["GET"]}}],"collection":[{"href":"https:\/\/westgem.shop\/fr\/wp-json\/wp\/v2\/product"}],"about":[{"href":"https:\/\/westgem.shop\/fr\/wp-json\/wp\/v2\/types\/product"}],"wp:featuredmedia":[{"embeddable":true,"href":"https:\/\/westgem.shop\/fr\/wp-json\/wp\/v2\/media\/3274"}],"wp:attachment":[{"href":"https:\/\/westgem.shop\/fr\/wp-json\/wp\/v2\/media?parent=2434"}],"wp:term":[{"taxonomy":"region","embeddable":true,"href":"https:\/\/westgem.shop\/fr\/wp-json\/wp\/v2\/region?post=2434"},{"taxonomy":"product_brand","embeddable":true,"href":"https:\/\/westgem.shop\/fr\/wp-json\/wp\/v2\/product_brand?post=2434"},{"taxonomy":"product_cat","embeddable":true,"href":"https:\/\/westgem.shop\/fr\/wp-json\/wp\/v2\/product_cat?post=2434"},{"taxonomy":"product_tag","embeddable":true,"href":"https:\/\/westgem.shop\/fr\/wp-json\/wp\/v2\/product_tag?post=2434"}],"curies":[{"name":"wp","href":"https:\/\/api.w.org\/{rel}","templated":true}]}}