{"id":2435,"date":"2001-01-31T00:00:00","date_gmt":"2001-01-31T00:00:00","guid":{"rendered":"https:\/\/miners.rocks\/product\/kaktusquarz-xx-3\/"},"modified":"2020-05-19T16:58:21","modified_gmt":"2020-05-19T16:58:21","slug":"quartz-de-cactus-xx-3","status":"publish","type":"product","link":"https:\/\/westgem.shop\/fr\/produit\/quartz-de-cactus-xx-3\/","title":{"rendered":"QUARTZ DE CACTURE xx"},"content":{"rendered":"<p>Belle petite marche avec des pointes non \u00e9rod\u00e9es.<\/p>\n<p>Complexe de Bushveld<\/p>\n<p>Pretoria - Afrique du Sud<\/p>\n<p>Poids : 125g Dimensions : 7 x 5 x 4 cm<\/p>","protected":false},"excerpt":{"rendered":"<p>Belle petite marche avec des pointes non \u00e9br\u00e9ch\u00e9es. Bushveld Complex Pretoria - Afrique du Sud Poids : 125g Dimensions : 7 x 5 x 4 cm<\/p>","protected":false},"featured_media":3278,"template":"","meta":{"_acf_changed":false},"region":[],"product_brand":[],"product_cat":[15],"product_tag":[],"class_list":{"0":"post-2435","1":"product","2":"type-product","3":"status-publish","4":"has-post-thumbnail","6":"product_cat-mineralien","8":"first","9":"outofstock","10":"sold-individually","11":"product-type-simple"},"acf":[],"_links":{"self":[{"href":"https:\/\/westgem.shop\/fr\/wp-json\/wp\/v2\/product\/2435","targetHints":{"allow":["GET"]}}],"collection":[{"href":"https:\/\/westgem.shop\/fr\/wp-json\/wp\/v2\/product"}],"about":[{"href":"https:\/\/westgem.shop\/fr\/wp-json\/wp\/v2\/types\/product"}],"wp:featuredmedia":[{"embeddable":true,"href":"https:\/\/westgem.shop\/fr\/wp-json\/wp\/v2\/media\/3278"}],"wp:attachment":[{"href":"https:\/\/westgem.shop\/fr\/wp-json\/wp\/v2\/media?parent=2435"}],"wp:term":[{"taxonomy":"region","embeddable":true,"href":"https:\/\/westgem.shop\/fr\/wp-json\/wp\/v2\/region?post=2435"},{"taxonomy":"product_brand","embeddable":true,"href":"https:\/\/westgem.shop\/fr\/wp-json\/wp\/v2\/product_brand?post=2435"},{"taxonomy":"product_cat","embeddable":true,"href":"https:\/\/westgem.shop\/fr\/wp-json\/wp\/v2\/product_cat?post=2435"},{"taxonomy":"product_tag","embeddable":true,"href":"https:\/\/westgem.shop\/fr\/wp-json\/wp\/v2\/product_tag?post=2435"}],"curies":[{"name":"wp","href":"https:\/\/api.w.org\/{rel}","templated":true}]}}