{"id":2438,"date":"2001-02-03T00:00:00","date_gmt":"2001-02-03T00:00:00","guid":{"rendered":"https:\/\/miners.rocks\/product\/erstklassige-malachit-stufe\/"},"modified":"2020-05-19T16:58:23","modified_gmt":"2020-05-19T16:58:23","slug":"niveau-de-malachite-de-premiere-qualite","status":"publish","type":"product","link":"https:\/\/westgem.shop\/fr\/produit\/niveau-de-malachite-de-premiere-qualite\/","title":{"rendered":"Niveau de malachite de premi\u00e8re classe"},"content":{"rendered":"<p>De la nouvelle livraison :<\/p>\n<p>Tr\u00e8s int\u00e9ressant, grand BOTROIDAL(=rubis) - NIVEAU DE MALACHITE - de la<\/p>\n<p>Mine de MUSONOI \u00e0 KOLWEZI - Congo<\/p>\n<p>Description d\u00e9taill\u00e9e dans l'art. Malachite &amp; CHRYSOKOLL<\/p>\n<p>Poids : 600 g Dimensions : 13 x 11 x 6 cm L'image 3 est la face arri\u00e8re<\/p>","protected":false},"excerpt":{"rendered":"<p>De la nouvelle livraison : Tr\u00e8s int\u00e9ressant, grand BOTROIDAL(=rubis) - TABLEAU de malachite - de la mine MUSONOI \u00e0 KOLWEZI - Congo Description pr\u00e9cise \u00e0 l'art. Malachite &amp; CHRYSOKOLL Poids : 600 g Dimensions : 13 x 11 x 6 cm La photo 3 est le verso<\/p>","protected":false},"featured_media":3287,"template":"","meta":{"_acf_changed":false},"region":[],"product_brand":[],"product_cat":[15],"product_tag":[],"class_list":{"0":"post-2438","1":"product","2":"type-product","3":"status-publish","4":"has-post-thumbnail","6":"product_cat-mineralien","8":"first","9":"outofstock","10":"sold-individually","11":"product-type-simple"},"acf":[],"_links":{"self":[{"href":"https:\/\/westgem.shop\/fr\/wp-json\/wp\/v2\/product\/2438","targetHints":{"allow":["GET"]}}],"collection":[{"href":"https:\/\/westgem.shop\/fr\/wp-json\/wp\/v2\/product"}],"about":[{"href":"https:\/\/westgem.shop\/fr\/wp-json\/wp\/v2\/types\/product"}],"wp:featuredmedia":[{"embeddable":true,"href":"https:\/\/westgem.shop\/fr\/wp-json\/wp\/v2\/media\/3287"}],"wp:attachment":[{"href":"https:\/\/westgem.shop\/fr\/wp-json\/wp\/v2\/media?parent=2438"}],"wp:term":[{"taxonomy":"region","embeddable":true,"href":"https:\/\/westgem.shop\/fr\/wp-json\/wp\/v2\/region?post=2438"},{"taxonomy":"product_brand","embeddable":true,"href":"https:\/\/westgem.shop\/fr\/wp-json\/wp\/v2\/product_brand?post=2438"},{"taxonomy":"product_cat","embeddable":true,"href":"https:\/\/westgem.shop\/fr\/wp-json\/wp\/v2\/product_cat?post=2438"},{"taxonomy":"product_tag","embeddable":true,"href":"https:\/\/westgem.shop\/fr\/wp-json\/wp\/v2\/product_tag?post=2438"}],"curies":[{"name":"wp","href":"https:\/\/api.w.org\/{rel}","templated":true}]}}