{"id":2440,"date":"2001-02-05T00:00:00","date_gmt":"2001-02-05T00:00:00","guid":{"rendered":"https:\/\/miners.rocks\/product\/erstklassiger-malachit-poliert\/"},"modified":"2020-05-19T16:58:26","modified_gmt":"2020-05-19T16:58:26","slug":"malachite-de-premiere-qualite-polie","status":"publish","type":"product","link":"https:\/\/westgem.shop\/fr\/produit\/malachite-de-premiere-qualite-polie\/","title":{"rendered":"Malachite de premi\u00e8re qualit\u00e9 - Polie"},"content":{"rendered":"<p>Tr\u00e8s belle malachite du Congo, polie \u00e0 la main et d'une couleur de premi\u00e8re qualit\u00e9.<\/p>\n<p>Superbe pi\u00e8ce de d\u00e9coration pour attirer l'attention sur un bureau .........<\/p>\n<p>MINE MUSONI - COLWEZI - Congo<\/p>\n<p>Poids : 444 g Dimensions : 10,5 x 7 x 4 cm<\/p>","protected":false},"excerpt":{"rendered":"<p>Tr\u00e8s belle malachite du Congo, polie \u00e0 la main et d'une couleur de premi\u00e8re qualit\u00e9. Superbe pi\u00e8ce de d\u00e9coration pour attirer l'attention sur un bureau ......... MUSONI MINE - KOLWEZI - Congo Poids : 444 g Dimensions : 10,5 x 7 x 4 cm<\/p>","protected":false},"featured_media":3293,"template":"","meta":{"_acf_changed":false},"region":[],"product_brand":[],"product_cat":[15],"product_tag":[],"class_list":{"0":"post-2440","1":"product","2":"type-product","3":"status-publish","4":"has-post-thumbnail","6":"product_cat-mineralien","8":"first","9":"outofstock","10":"sold-individually","11":"product-type-simple"},"acf":[],"_links":{"self":[{"href":"https:\/\/westgem.shop\/fr\/wp-json\/wp\/v2\/product\/2440","targetHints":{"allow":["GET"]}}],"collection":[{"href":"https:\/\/westgem.shop\/fr\/wp-json\/wp\/v2\/product"}],"about":[{"href":"https:\/\/westgem.shop\/fr\/wp-json\/wp\/v2\/types\/product"}],"wp:featuredmedia":[{"embeddable":true,"href":"https:\/\/westgem.shop\/fr\/wp-json\/wp\/v2\/media\/3293"}],"wp:attachment":[{"href":"https:\/\/westgem.shop\/fr\/wp-json\/wp\/v2\/media?parent=2440"}],"wp:term":[{"taxonomy":"region","embeddable":true,"href":"https:\/\/westgem.shop\/fr\/wp-json\/wp\/v2\/region?post=2440"},{"taxonomy":"product_brand","embeddable":true,"href":"https:\/\/westgem.shop\/fr\/wp-json\/wp\/v2\/product_brand?post=2440"},{"taxonomy":"product_cat","embeddable":true,"href":"https:\/\/westgem.shop\/fr\/wp-json\/wp\/v2\/product_cat?post=2440"},{"taxonomy":"product_tag","embeddable":true,"href":"https:\/\/westgem.shop\/fr\/wp-json\/wp\/v2\/product_tag?post=2440"}],"curies":[{"name":"wp","href":"https:\/\/api.w.org\/{rel}","templated":true}]}}