{"id":2441,"date":"2001-02-06T00:00:00","date_gmt":"2001-02-06T00:00:00","guid":{"rendered":"https:\/\/miners.rocks\/product\/ds-056-handgeschnitzte-voegel\/"},"modified":"2020-05-19T16:58:27","modified_gmt":"2020-05-19T16:58:27","slug":"ds-056-oiseaux-sculptes-a-la-main","status":"publish","type":"product","link":"https:\/\/westgem.shop\/fr\/produit\/ds-056-oiseaux-sculptes-a-la-main\/","title":{"rendered":"DS - 056 - OISEAUX sculpt\u00e9s \u00e0 la main"},"content":{"rendered":"<p>Sculpt\u00e9 \u00e0 la main \u00e0 partir de min\u00e9raux naturels extraits dans les ANDEN.<\/p>\n<p>min\u00e9raux ; le corps est en CHRYSOPCOL - les autres parties sont en<\/p>\n<p>SERPENTIN, ANDENOPAL, SODALITH et MANGANOCALCIT et ARAGONITE.<\/p>\n<p>Ce sont les 3 derni\u00e8res pi\u00e8ces - la prochaine 'livraison n'est pas attendue avant octobre.<\/p>\n<p>Poids : 2 kilogrammes Hauteur 23 cm<\/p>","protected":false},"excerpt":{"rendered":"<p>Sculpt\u00e9 \u00e0 la main \u00e0 partir de min\u00e9raux naturels extraits dans les ANDES. Min\u00e9raux ; le corps est en CHRYSOPKOLL - les autres parties sont faites de SERPENTIN, ANDENOPAL, SODALITH et MANGANOCALCIT et ARAGONIT. Ce sont les 3 derni\u00e8res pi\u00e8ces - la prochaine 'livraison n'est pas attendue avant octobre. Poids : 2 kilogrammes Hauteur 23 cm<\/p>","protected":false},"featured_media":3297,"template":"","meta":{"_acf_changed":false},"region":[],"product_brand":[],"product_cat":[15],"product_tag":[],"class_list":{"0":"post-2441","1":"product","2":"type-product","3":"status-publish","4":"has-post-thumbnail","6":"product_cat-mineralien","8":"first","9":"outofstock","10":"sold-individually","11":"product-type-simple"},"acf":[],"_links":{"self":[{"href":"https:\/\/westgem.shop\/fr\/wp-json\/wp\/v2\/product\/2441","targetHints":{"allow":["GET"]}}],"collection":[{"href":"https:\/\/westgem.shop\/fr\/wp-json\/wp\/v2\/product"}],"about":[{"href":"https:\/\/westgem.shop\/fr\/wp-json\/wp\/v2\/types\/product"}],"wp:featuredmedia":[{"embeddable":true,"href":"https:\/\/westgem.shop\/fr\/wp-json\/wp\/v2\/media\/3297"}],"wp:attachment":[{"href":"https:\/\/westgem.shop\/fr\/wp-json\/wp\/v2\/media?parent=2441"}],"wp:term":[{"taxonomy":"region","embeddable":true,"href":"https:\/\/westgem.shop\/fr\/wp-json\/wp\/v2\/region?post=2441"},{"taxonomy":"product_brand","embeddable":true,"href":"https:\/\/westgem.shop\/fr\/wp-json\/wp\/v2\/product_brand?post=2441"},{"taxonomy":"product_cat","embeddable":true,"href":"https:\/\/westgem.shop\/fr\/wp-json\/wp\/v2\/product_cat?post=2441"},{"taxonomy":"product_tag","embeddable":true,"href":"https:\/\/westgem.shop\/fr\/wp-json\/wp\/v2\/product_tag?post=2441"}],"curies":[{"name":"wp","href":"https:\/\/api.w.org\/{rel}","templated":true}]}}