{"id":2446,"date":"2001-02-11T00:00:00","date_gmt":"2001-02-11T00:00:00","guid":{"rendered":"https:\/\/miners.rocks\/product\/meteorit-kettenanhaenger\/"},"modified":"2020-05-19T16:58:29","modified_gmt":"2020-05-19T16:58:29","slug":"pendentif-de-chaine-en-meteorite","status":"publish","type":"product","link":"https:\/\/westgem.shop\/fr\/produit\/pendentif-de-chaine-en-meteorite\/","title":{"rendered":"METEORITE - Pendentif pour cha\u00eene"},"content":{"rendered":"<p><u>METEORITE de la ceinture d'ast\u00e9ro\u00efdes<\/u>(entre MArs et Jupiter)<\/p>\n<p>Impact sur la Terre il y a environ 5 000 ans.<\/p>\n<p>Fer METEORITE - Groupe IA <\/p>\n<p>Composition : 92,6 % de fer - 6,68 % de nickel - 0,25 % de phosphore - 87 ppm de galium - 36 ppm d'iridium - 407 ppm de germanium<\/p>\n<p>Lieu de d\u00e9couverte : Campo del Cielo - Santiago del Estero<\/p>\n<p>Argentine<\/p>\n<p>Serti en argent 925 - avec anneau de pendentif \u00e9galement en argent pur<\/p>\n<p>Un pendentif tr\u00e8s exquis - qui porte d\u00e9j\u00e0 un \"<u> EXTRATERRESTRE \"<\/u><\/p>\n<p>autour du cou ? !<\/p>\n<p>Taille du pendentif : Longueur avec oeillet : 2,5 cm Largeur : 1 cm<\/p>","protected":false},"excerpt":{"rendered":"<p>M\u00c9T\u00c9ORITE de la ceinture d'ast\u00e9ro\u00efdes (entre MArs et Jupiter) Impact sur la Terre il y a environ 5.000 ans. Fer METEORITE - Groupe IA Composition : 92,6 % Fer - 6,68 % Nickel - 0,25 % Phosphore - 87 ppm Galium - 36 ppm Iridium - 407 ppm Germanium Localisation : Campo del Cielo( Champ du ciel) - Santiago del Estero [...]<\/p>","protected":false},"featured_media":3312,"template":"","meta":{"_acf_changed":false},"region":[],"product_brand":[],"product_cat":[15],"product_tag":[],"class_list":{"0":"post-2446","1":"product","2":"type-product","3":"status-publish","4":"has-post-thumbnail","6":"product_cat-mineralien","8":"first","9":"outofstock","10":"sold-individually","11":"product-type-simple"},"acf":[],"_links":{"self":[{"href":"https:\/\/westgem.shop\/fr\/wp-json\/wp\/v2\/product\/2446","targetHints":{"allow":["GET"]}}],"collection":[{"href":"https:\/\/westgem.shop\/fr\/wp-json\/wp\/v2\/product"}],"about":[{"href":"https:\/\/westgem.shop\/fr\/wp-json\/wp\/v2\/types\/product"}],"wp:featuredmedia":[{"embeddable":true,"href":"https:\/\/westgem.shop\/fr\/wp-json\/wp\/v2\/media\/3312"}],"wp:attachment":[{"href":"https:\/\/westgem.shop\/fr\/wp-json\/wp\/v2\/media?parent=2446"}],"wp:term":[{"taxonomy":"region","embeddable":true,"href":"https:\/\/westgem.shop\/fr\/wp-json\/wp\/v2\/region?post=2446"},{"taxonomy":"product_brand","embeddable":true,"href":"https:\/\/westgem.shop\/fr\/wp-json\/wp\/v2\/product_brand?post=2446"},{"taxonomy":"product_cat","embeddable":true,"href":"https:\/\/westgem.shop\/fr\/wp-json\/wp\/v2\/product_cat?post=2446"},{"taxonomy":"product_tag","embeddable":true,"href":"https:\/\/westgem.shop\/fr\/wp-json\/wp\/v2\/product_tag?post=2446"}],"curies":[{"name":"wp","href":"https:\/\/api.w.org\/{rel}","templated":true}]}}