{"id":2447,"date":"2001-02-12T00:00:00","date_gmt":"2001-02-12T00:00:00","guid":{"rendered":"https:\/\/miners.rocks\/product\/art-ds-057-kupfer-nugget\/"},"modified":"2020-05-19T16:58:29","modified_gmt":"2020-05-19T16:58:29","slug":"art-ds-057-cuivre-nugget","status":"publish","type":"product","link":"https:\/\/westgem.shop\/fr\/produit\/art-ds-057-cuivre-nugget\/","title":{"rendered":"R\u00e9f\u00e9rence : DS - 057 CUIVRE NUGGET"},"content":{"rendered":"<p>P\u00e9pite de CUIVRE de qualit\u00e9, polie sur une face. C'est l'\u00e9l\u00e9ment naturel pur CUIVRE, que l'on trouve g\u00e9n\u00e9ralement dans les zones d'oxydation des gisements de minerai de cuivre.<\/p>\n<p>Ce cuivre est beaucoup trop rare pour \u00eatre utilis\u00e9 dans l'industrie, c'est pourquoi les minerais de cuivre, comme le BORNIT, sont g\u00e9n\u00e9ralement utilis\u00e9s dans l'industrie mini\u00e8re. BORNIT et transform\u00e9s en fils de cuivre, t\u00f4les, etc.<\/p>\n<p>Ces superbes p\u00e9pites proviennent de la mine de White Pine dans le Michigan - USA<\/p>\n<p>Poids : 100 g.  Dimensions : 7 x 4 x 1 cm<\/p>\n<p>L'image 3 est la face naturelle - non polie<\/p>","protected":false},"excerpt":{"rendered":"<p>Le CUIVRE pur est un \u00e9l\u00e9ment naturel que l'on trouve g\u00e9n\u00e9ralement dans les zones d'oxydation des gisements de minerai de cuivre. Ce cuivre est beaucoup trop rare pour \u00eatre utilis\u00e9 dans l'industrie, c'est pourquoi les minerais de CUPPRE, comme par exemple le BORNIT, sont g\u00e9n\u00e9ralement utilis\u00e9s dans l'industrie mini\u00e8re. BORNIT, sont extraits et transform\u00e9s en fils de cuivre, t\u00f4les, etc. [...]<\/p>","protected":false},"featured_media":3313,"template":"","meta":{"_acf_changed":false},"region":[],"product_brand":[],"product_cat":[15],"product_tag":[],"class_list":{"0":"post-2447","1":"product","2":"type-product","3":"status-publish","4":"has-post-thumbnail","6":"product_cat-mineralien","8":"first","9":"outofstock","10":"sold-individually","11":"product-type-simple"},"acf":[],"_links":{"self":[{"href":"https:\/\/westgem.shop\/fr\/wp-json\/wp\/v2\/product\/2447","targetHints":{"allow":["GET"]}}],"collection":[{"href":"https:\/\/westgem.shop\/fr\/wp-json\/wp\/v2\/product"}],"about":[{"href":"https:\/\/westgem.shop\/fr\/wp-json\/wp\/v2\/types\/product"}],"wp:featuredmedia":[{"embeddable":true,"href":"https:\/\/westgem.shop\/fr\/wp-json\/wp\/v2\/media\/3313"}],"wp:attachment":[{"href":"https:\/\/westgem.shop\/fr\/wp-json\/wp\/v2\/media?parent=2447"}],"wp:term":[{"taxonomy":"region","embeddable":true,"href":"https:\/\/westgem.shop\/fr\/wp-json\/wp\/v2\/region?post=2447"},{"taxonomy":"product_brand","embeddable":true,"href":"https:\/\/westgem.shop\/fr\/wp-json\/wp\/v2\/product_brand?post=2447"},{"taxonomy":"product_cat","embeddable":true,"href":"https:\/\/westgem.shop\/fr\/wp-json\/wp\/v2\/product_cat?post=2447"},{"taxonomy":"product_tag","embeddable":true,"href":"https:\/\/westgem.shop\/fr\/wp-json\/wp\/v2\/product_tag?post=2447"}],"curies":[{"name":"wp","href":"https:\/\/api.w.org\/{rel}","templated":true}]}}