{"id":2448,"date":"2001-02-13T00:00:00","date_gmt":"2001-02-13T00:00:00","guid":{"rendered":"https:\/\/miners.rocks\/product\/ged-kupfer-nugget-usa\/"},"modified":"2020-05-19T16:58:30","modified_gmt":"2020-05-19T16:58:30","slug":"ged-cuivre-nugget-usa","status":"publish","type":"product","link":"https:\/\/westgem.shop\/fr\/produit\/ged-cuivre-nugget-usa\/","title":{"rendered":"Ged. P\u00e9pite de CUIVRE - USA"},"content":{"rendered":"<p>Description d\u00e9taill\u00e9e pour DS- 057<\/p>\n<p>Polissage brillant sur une face.<\/p>\n<p>Poids : 120 g Dimensions : 6,5 x 4 x 1 cm<\/p>","protected":false},"excerpt":{"rendered":"<p>Description d\u00e9taill\u00e9e pour DS- 057 Polissage brillant d'un c\u00f4t\u00e9. Poids : 120 g Dimensions : 6,5 x 4 x 1 cm<\/p>","protected":false},"featured_media":3316,"template":"","meta":{"_acf_changed":false},"region":[],"product_brand":[],"product_cat":[15],"product_tag":[],"class_list":{"0":"post-2448","1":"product","2":"type-product","3":"status-publish","4":"has-post-thumbnail","6":"product_cat-mineralien","8":"first","9":"outofstock","10":"sold-individually","11":"product-type-simple"},"acf":[],"_links":{"self":[{"href":"https:\/\/westgem.shop\/fr\/wp-json\/wp\/v2\/product\/2448","targetHints":{"allow":["GET"]}}],"collection":[{"href":"https:\/\/westgem.shop\/fr\/wp-json\/wp\/v2\/product"}],"about":[{"href":"https:\/\/westgem.shop\/fr\/wp-json\/wp\/v2\/types\/product"}],"wp:featuredmedia":[{"embeddable":true,"href":"https:\/\/westgem.shop\/fr\/wp-json\/wp\/v2\/media\/3316"}],"wp:attachment":[{"href":"https:\/\/westgem.shop\/fr\/wp-json\/wp\/v2\/media?parent=2448"}],"wp:term":[{"taxonomy":"region","embeddable":true,"href":"https:\/\/westgem.shop\/fr\/wp-json\/wp\/v2\/region?post=2448"},{"taxonomy":"product_brand","embeddable":true,"href":"https:\/\/westgem.shop\/fr\/wp-json\/wp\/v2\/product_brand?post=2448"},{"taxonomy":"product_cat","embeddable":true,"href":"https:\/\/westgem.shop\/fr\/wp-json\/wp\/v2\/product_cat?post=2448"},{"taxonomy":"product_tag","embeddable":true,"href":"https:\/\/westgem.shop\/fr\/wp-json\/wp\/v2\/product_tag?post=2448"}],"curies":[{"name":"wp","href":"https:\/\/api.w.org\/{rel}","templated":true}]}}