{"id":2453,"date":"2001-02-18T00:00:00","date_gmt":"2001-02-18T00:00:00","guid":{"rendered":"https:\/\/miners.rocks\/product\/museumsstufe-granat-alpin\/"},"modified":"2020-05-19T16:58:33","modified_gmt":"2020-05-19T16:58:33","slug":"niveau-musee-grenat-alpin","status":"publish","type":"product","link":"https:\/\/westgem.shop\/fr\/produit\/niveau-musee-grenat-alpin\/","title":{"rendered":"NIVEAU MUS\u00c9E - GRENAT ALPIN"},"content":{"rendered":"<p>GRANAT - ALMANDIN xx en schiste micac\u00e9. Grande \u00e9tape de premi\u00e8re classe - pratiquement plus disponible ou \u00e0 trouver dans de telles dimensions.<\/p>\n<p>Ce niveau de mus\u00e9e GRANAT a \u00e9t\u00e9 d\u00e9couvert \u00e0 la fin des ann\u00e9es 1960 dans les hautes Alpes du Zillertal\/Tyrol, plus pr\u00e9cis\u00e9ment sur les c\u00e9l\u00e8bres HORNKEES , en \u00e9t\u00e9 et transport\u00e9 en hiver seulement dans la vall\u00e9e en raison de son poids \u00e9norme.<\/p>\n<p>Cette marche est en notre possession depuis de nombreuses ann\u00e9es et servait de d\u00e9coration pour notre section alpine.<\/p>\n<p>poids d'environ 35 kilogrammes<\/p>\n<p>Dimensions : Longueur : 48 cm Largeur : 27 cm Hauteur 19 cm<\/p>\n<p>Cristaux de grenat jusqu'\u00e0 4 cm de c\u00f4t\u00e9<\/p>\n<p>LIVRAISON SANS FRAIS DE PORT par SPEDITION - aussi dans l'UE !<\/p>","protected":false},"excerpt":{"rendered":"<p>GRANAT - ALMANDIN xx en schiste micac\u00e9. Grande marche de premi\u00e8re classe - pratiquement introuvable dans de telles dimensions. Ce niveau de mus\u00e9e GRANAT a \u00e9t\u00e9 d\u00e9couvert \u00e0 la fin des ann\u00e9es 1960 dans les hautes Alpes du Zillertal\/Tyrol, plus pr\u00e9cis\u00e9ment sur les c\u00e9l\u00e8bres HORNKEES, en \u00e9t\u00e9 et, en raison de son poids \u00e9norme, seulement en hiver avec [...].<\/p>","protected":false},"featured_media":3328,"template":"","meta":{"_acf_changed":false},"region":[],"product_brand":[],"product_cat":[15],"product_tag":[],"class_list":{"0":"post-2453","1":"product","2":"type-product","3":"status-publish","4":"has-post-thumbnail","6":"product_cat-mineralien","8":"first","9":"outofstock","10":"sold-individually","11":"product-type-simple"},"acf":[],"_links":{"self":[{"href":"https:\/\/westgem.shop\/fr\/wp-json\/wp\/v2\/product\/2453","targetHints":{"allow":["GET"]}}],"collection":[{"href":"https:\/\/westgem.shop\/fr\/wp-json\/wp\/v2\/product"}],"about":[{"href":"https:\/\/westgem.shop\/fr\/wp-json\/wp\/v2\/types\/product"}],"wp:featuredmedia":[{"embeddable":true,"href":"https:\/\/westgem.shop\/fr\/wp-json\/wp\/v2\/media\/3328"}],"wp:attachment":[{"href":"https:\/\/westgem.shop\/fr\/wp-json\/wp\/v2\/media?parent=2453"}],"wp:term":[{"taxonomy":"region","embeddable":true,"href":"https:\/\/westgem.shop\/fr\/wp-json\/wp\/v2\/region?post=2453"},{"taxonomy":"product_brand","embeddable":true,"href":"https:\/\/westgem.shop\/fr\/wp-json\/wp\/v2\/product_brand?post=2453"},{"taxonomy":"product_cat","embeddable":true,"href":"https:\/\/westgem.shop\/fr\/wp-json\/wp\/v2\/product_cat?post=2453"},{"taxonomy":"product_tag","embeddable":true,"href":"https:\/\/westgem.shop\/fr\/wp-json\/wp\/v2\/product_tag?post=2453"}],"curies":[{"name":"wp","href":"https:\/\/api.w.org\/{rel}","templated":true}]}}