{"id":2454,"date":"2001-02-19T00:00:00","date_gmt":"2001-02-19T00:00:00","guid":{"rendered":"https:\/\/miners.rocks\/product\/neue-baumfarne-1a-stuecke\/"},"modified":"2020-05-19T16:58:33","modified_gmt":"2020-05-19T16:58:33","slug":"nouvelles-fougeres-arborescentes-1a-pieces","status":"publish","type":"product","link":"https:\/\/westgem.shop\/fr\/produit\/nouvelles-fougeres-arborescentes-1a-pieces\/","title":{"rendered":"NOUVELLE PEINE D'ARBRE - pi\u00e8ces 1A"},"content":{"rendered":"<p>Les raret\u00e9s parmi les bois p\u00e9trifi\u00e9s sont <u>Foug\u00e8res arborescentes<\/u> et des palmiers.<\/p>\n<p>&#8220; <u>STARSTEIN \" - TITEA SINGULARIS<\/u><\/p>\n<p>\u00c2ge de la Terre : PERM<\/p>\n<p>Ces pi\u00e8ces polies d'un seul c\u00f4t\u00e9 pr\u00e9sentent les FOURRIERES LITT\u00c9RALES , typiques de ces arbres, qui transportaient l'eau des racines aux feuilles en passant par le tronc dans des syst\u00e8mes de tubes.<\/p>\n<p>En raison de leur structure particuli\u00e8re, ces bois p\u00e9trifi\u00e9s ont \u00e9galement \u00e9t\u00e9 appel\u00e9s \"PIERRE DE VERRE\", PIERRE D'\u00c9TOILE - vers le bord, le dessin dans le bois ressemble au plumage des \u00e9tourneaux. Un autre nom \u00e9tait aussi ASTEROLITH.<\/p>\n<p>Ces FOURRES DE B\u00c2TIMENT sont de premi\u00e8re qualit\u00e9, car m\u00eame apr\u00e8s plus de 200 millions d'ann\u00e9es, la TERRE compl\u00e8te est pr\u00e9sente.<\/p>\n<p>Nous recevons ces raret\u00e9s en BOIS PERFOR\u00c9 du nord du Br\u00e9sil.<\/p>\n<p>Araguaina, For\u00eat P\u00e9trifi\u00e9e - Province d'Arancho - Br\u00e9sil<\/p>\n<p>Pi\u00e8ce de premi\u00e8re classe - polie d'un c\u00f4t\u00e9 - compl\u00e8te avec \u00e9corce<\/p>\n<p>Poids : 2,1 kilogrammes Dimensions : 19 x 16 x 6 cm<\/p>\n<p>L'image 4 est la face arri\u00e8re<\/p>","protected":false},"excerpt":{"rendered":"<p>Les foug\u00e8res arborescentes et les palmiers sont des raret\u00e9s parmi les bois fossilis\u00e9s. \"PIERRE D'\u00c9TOILE \" - TITEA SINGULARIS \u00c9poque g\u00e9ologique : PERM Ces pi\u00e8ces polies d'un seul c\u00f4t\u00e9 pr\u00e9sentent les BOUCLES CONDUCTIVES typiques des foug\u00e8res, avec lesquelles ces arbres transportaient l'eau dans des syst\u00e8mes de tubes des racines aux feuilles en passant par le tronc. Gr\u00e2ce \u00e0 ces structures particuli\u00e8res, ces bois p\u00e9trifi\u00e9s [...].<\/p>","protected":false},"featured_media":3333,"template":"","meta":{"_acf_changed":false},"region":[],"product_brand":[],"product_cat":[15],"product_tag":[],"class_list":{"0":"post-2454","1":"product","2":"type-product","3":"status-publish","4":"has-post-thumbnail","6":"product_cat-mineralien","8":"first","9":"outofstock","10":"sold-individually","11":"product-type-simple"},"acf":[],"_links":{"self":[{"href":"https:\/\/westgem.shop\/fr\/wp-json\/wp\/v2\/product\/2454","targetHints":{"allow":["GET"]}}],"collection":[{"href":"https:\/\/westgem.shop\/fr\/wp-json\/wp\/v2\/product"}],"about":[{"href":"https:\/\/westgem.shop\/fr\/wp-json\/wp\/v2\/types\/product"}],"wp:featuredmedia":[{"embeddable":true,"href":"https:\/\/westgem.shop\/fr\/wp-json\/wp\/v2\/media\/3333"}],"wp:attachment":[{"href":"https:\/\/westgem.shop\/fr\/wp-json\/wp\/v2\/media?parent=2454"}],"wp:term":[{"taxonomy":"region","embeddable":true,"href":"https:\/\/westgem.shop\/fr\/wp-json\/wp\/v2\/region?post=2454"},{"taxonomy":"product_brand","embeddable":true,"href":"https:\/\/westgem.shop\/fr\/wp-json\/wp\/v2\/product_brand?post=2454"},{"taxonomy":"product_cat","embeddable":true,"href":"https:\/\/westgem.shop\/fr\/wp-json\/wp\/v2\/product_cat?post=2454"},{"taxonomy":"product_tag","embeddable":true,"href":"https:\/\/westgem.shop\/fr\/wp-json\/wp\/v2\/product_tag?post=2454"}],"curies":[{"name":"wp","href":"https:\/\/api.w.org\/{rel}","templated":true}]}}