{"id":2455,"date":"2001-02-20T00:00:00","date_gmt":"2001-02-20T00:00:00","guid":{"rendered":"https:\/\/miners.rocks\/product\/titea-singularis-275-mio-jahre-alt\/"},"modified":"2020-05-19T16:58:34","modified_gmt":"2020-05-19T16:58:34","slug":"titea-singularis-275-millions-dannees","status":"publish","type":"product","link":"https:\/\/westgem.shop\/fr\/produit\/titea-singularis-275-millions-dannees\/","title":{"rendered":"TITEA SINGULARIS - 275 millions d'ann\u00e9es"},"content":{"rendered":"<p>Description d\u00e9taill\u00e9e chez Art . : FOUG\u00c8RES ARBORESCENTES NOUVELLES - VH - 025<\/p>\n<p>Poids de cette superbe pi\u00e8ce : 1,6 kilogramme<\/p>\n<p>Dimensions : 16 x 14 x 7 cm<\/p>\n<p>Une image montre l'arri\u00e8re<\/p>","protected":false},"excerpt":{"rendered":"<p>Description d\u00e9taill\u00e9e chez Art . NEUE BAUMFARNE - VH - 025 Poids de cette superbe pi\u00e8ce : 1,6 kilogramme Dimensions : 16 x 14 x 7 cm Une photo montre le verso<\/p>","protected":false},"featured_media":3337,"template":"","meta":{"_acf_changed":false},"region":[],"product_brand":[],"product_cat":[15],"product_tag":[],"class_list":{"0":"post-2455","1":"product","2":"type-product","3":"status-publish","4":"has-post-thumbnail","6":"product_cat-mineralien","8":"first","9":"outofstock","10":"sold-individually","11":"product-type-simple"},"acf":[],"_links":{"self":[{"href":"https:\/\/westgem.shop\/fr\/wp-json\/wp\/v2\/product\/2455","targetHints":{"allow":["GET"]}}],"collection":[{"href":"https:\/\/westgem.shop\/fr\/wp-json\/wp\/v2\/product"}],"about":[{"href":"https:\/\/westgem.shop\/fr\/wp-json\/wp\/v2\/types\/product"}],"wp:featuredmedia":[{"embeddable":true,"href":"https:\/\/westgem.shop\/fr\/wp-json\/wp\/v2\/media\/3337"}],"wp:attachment":[{"href":"https:\/\/westgem.shop\/fr\/wp-json\/wp\/v2\/media?parent=2455"}],"wp:term":[{"taxonomy":"region","embeddable":true,"href":"https:\/\/westgem.shop\/fr\/wp-json\/wp\/v2\/region?post=2455"},{"taxonomy":"product_brand","embeddable":true,"href":"https:\/\/westgem.shop\/fr\/wp-json\/wp\/v2\/product_brand?post=2455"},{"taxonomy":"product_cat","embeddable":true,"href":"https:\/\/westgem.shop\/fr\/wp-json\/wp\/v2\/product_cat?post=2455"},{"taxonomy":"product_tag","embeddable":true,"href":"https:\/\/westgem.shop\/fr\/wp-json\/wp\/v2\/product_tag?post=2455"}],"curies":[{"name":"wp","href":"https:\/\/api.w.org\/{rel}","templated":true}]}}