{"id":2457,"date":"2001-02-22T00:00:00","date_gmt":"2001-02-22T00:00:00","guid":{"rendered":"https:\/\/miners.rocks\/product\/versteinerter-baumfarn-4\/"},"modified":"2020-05-19T16:58:35","modified_gmt":"2020-05-19T16:58:35","slug":"fougere-arborescente-petrifiee-4","status":"publish","type":"product","link":"https:\/\/westgem.shop\/fr\/produit\/fougere-arborescente-petrifiee-4\/","title":{"rendered":"FOURRIER fossilis\u00e9"},"content":{"rendered":"<p>Description d\u00e9taill\u00e9e chez Art . : FOUG\u00c8RES ARBORESCENTES NOUVELLES - VH - 025<\/p>\n<p>Cette pi\u00e8ce - avec \u00e9corce compl\u00e8te - \u00e9tat de premi\u00e8re classe apr\u00e8s 275 millions d'ann\u00e9es !<\/p>\n<p>poids : 1,3 kilogramme<\/p>\n<p>Dimensions : 18 x 15 x 5 cm<\/p>\n<p>Une image montre l'arri\u00e8re<\/p>","protected":false},"excerpt":{"rendered":"<p>Description d\u00e9taill\u00e9e chez : NOUVELLE FOURRE D'ARBRE - Art. : VH - 025 Cette pi\u00e8ce - avec \u00e9corce compl\u00e8te - \u00e9tat de premi\u00e8re qualit\u00e9 apr\u00e8s 275 millions d'ann\u00e9es ! Poids : 1,3 kilogramme Dimensions : 18 x 15 x 5 cm Une photo montre le verso<\/p>","protected":false},"featured_media":3345,"template":"","meta":{"_acf_changed":false},"region":[],"product_brand":[],"product_cat":[15],"product_tag":[],"class_list":{"0":"post-2457","1":"product","2":"type-product","3":"status-publish","4":"has-post-thumbnail","6":"product_cat-mineralien","8":"first","9":"outofstock","10":"sold-individually","11":"product-type-simple"},"acf":[],"_links":{"self":[{"href":"https:\/\/westgem.shop\/fr\/wp-json\/wp\/v2\/product\/2457","targetHints":{"allow":["GET"]}}],"collection":[{"href":"https:\/\/westgem.shop\/fr\/wp-json\/wp\/v2\/product"}],"about":[{"href":"https:\/\/westgem.shop\/fr\/wp-json\/wp\/v2\/types\/product"}],"wp:featuredmedia":[{"embeddable":true,"href":"https:\/\/westgem.shop\/fr\/wp-json\/wp\/v2\/media\/3345"}],"wp:attachment":[{"href":"https:\/\/westgem.shop\/fr\/wp-json\/wp\/v2\/media?parent=2457"}],"wp:term":[{"taxonomy":"region","embeddable":true,"href":"https:\/\/westgem.shop\/fr\/wp-json\/wp\/v2\/region?post=2457"},{"taxonomy":"product_brand","embeddable":true,"href":"https:\/\/westgem.shop\/fr\/wp-json\/wp\/v2\/product_brand?post=2457"},{"taxonomy":"product_cat","embeddable":true,"href":"https:\/\/westgem.shop\/fr\/wp-json\/wp\/v2\/product_cat?post=2457"},{"taxonomy":"product_tag","embeddable":true,"href":"https:\/\/westgem.shop\/fr\/wp-json\/wp\/v2\/product_tag?post=2457"}],"curies":[{"name":"wp","href":"https:\/\/api.w.org\/{rel}","templated":true}]}}