{"id":2460,"date":"2001-02-25T00:00:00","date_gmt":"2001-02-25T00:00:00","guid":{"rendered":"https:\/\/miners.rocks\/product\/top-amethyst-xx-aa-extra\/"},"modified":"2020-05-19T16:58:37","modified_gmt":"2020-05-19T16:58:37","slug":"top-amethyst-xx-aa-extra","status":"publish","type":"product","link":"https:\/\/westgem.shop\/fr\/produit\/top-amethyst-xx-aa-extra\/","title":{"rendered":"Top AMETHYST xx - AA EXTRA"},"content":{"rendered":"<p><u>AMETHYST xx - Qualit\u00e9 AA EXTRA - Le MEILLEUR du MEILLEUR !<\/u><\/p>\n<p><u>Absolute <\/u>COULEUR NATURELLE ( NON irradi\u00e9e ! ) PAS d'\u00e9corce de b\u00e9ton vert ( comme pour les drusen et pi\u00e8ces d'am\u00e9thyste du Br\u00e9sil )<\/p>\n<p>ACHAT NATUR MATRIX gris <\/p>\n<p>de la c\u00e9l\u00e8bre mine Becker \u00e0 Artigas - URUGUAY<\/p>\n<p>Malheureusement, dans ces QUALIT\u00c9S intenses, les marches sont plut\u00f4t petites, voire de la taille d'une main au maximum - en revanche, la couleur est absolument g\u00e9niale.<\/p>\n<p>Nous avons pu acqu\u00e9rir un lot plus important de ces anth\u00e8mes de r\u00eave et proposerons ici les 'pi\u00e8ces' un peu plus grandes.<\/p>\n<p>Cette pi\u00e8ce : 760 g (0,76 Kg) Dimensions : 14 x 9 x 7 cm<\/p>\n<p>La derni\u00e8re image montre la matrice NATURE - l'ACHAT<\/p>","protected":false},"excerpt":{"rendered":"<p>AMETHYSTE xx - Qualit\u00e9 AA EXTRA - Le MEILLEUR du MEILLEUR ! COULEUR NATURELLE absolue ( NON irradi\u00e9e ! ) PAS d'\u00e9corce de b\u00e9ton vert ( comme pour les drusen et pi\u00e8ces d'am\u00e9thyste du Br\u00e9sil ) MATRICE NATURE ACHAT grise de la fameuse mine Becker \u00e0 Artigas - URUGUAY Malheureusement, les marches de ces QUALIT\u00c9S intenses sont plut\u00f4t petites \u00e0 [...].<\/p>","protected":false},"featured_media":3355,"template":"","meta":{"_acf_changed":false},"region":[],"product_brand":[],"product_cat":[15],"product_tag":[],"class_list":{"0":"post-2460","1":"product","2":"type-product","3":"status-publish","4":"has-post-thumbnail","6":"product_cat-mineralien","8":"first","9":"outofstock","10":"sold-individually","11":"product-type-simple"},"acf":[],"_links":{"self":[{"href":"https:\/\/westgem.shop\/fr\/wp-json\/wp\/v2\/product\/2460","targetHints":{"allow":["GET"]}}],"collection":[{"href":"https:\/\/westgem.shop\/fr\/wp-json\/wp\/v2\/product"}],"about":[{"href":"https:\/\/westgem.shop\/fr\/wp-json\/wp\/v2\/types\/product"}],"wp:featuredmedia":[{"embeddable":true,"href":"https:\/\/westgem.shop\/fr\/wp-json\/wp\/v2\/media\/3355"}],"wp:attachment":[{"href":"https:\/\/westgem.shop\/fr\/wp-json\/wp\/v2\/media?parent=2460"}],"wp:term":[{"taxonomy":"region","embeddable":true,"href":"https:\/\/westgem.shop\/fr\/wp-json\/wp\/v2\/region?post=2460"},{"taxonomy":"product_brand","embeddable":true,"href":"https:\/\/westgem.shop\/fr\/wp-json\/wp\/v2\/product_brand?post=2460"},{"taxonomy":"product_cat","embeddable":true,"href":"https:\/\/westgem.shop\/fr\/wp-json\/wp\/v2\/product_cat?post=2460"},{"taxonomy":"product_tag","embeddable":true,"href":"https:\/\/westgem.shop\/fr\/wp-json\/wp\/v2\/product_tag?post=2460"}],"curies":[{"name":"wp","href":"https:\/\/api.w.org\/{rel}","templated":true}]}}