{"id":2462,"date":"2001-02-27T00:00:00","date_gmt":"2001-02-27T00:00:00","guid":{"rendered":"https:\/\/miners.rocks\/product\/uruguay-amethyst-xx-aa-extra\/"},"modified":"2020-05-19T16:58:38","modified_gmt":"2020-05-19T16:58:38","slug":"uruguay-amethyst-xx-aa-extra","status":"publish","type":"product","link":"https:\/\/westgem.shop\/fr\/produit\/uruguay-amethyst-xx-aa-extra\/","title":{"rendered":"Uruguay AMETHYST xx - AA Extra"},"content":{"rendered":"<p>URUGUAY Anethyste de la plus haute qualit\u00e9.<\/p>\n<p><u>NATURFABE !   <\/u> <u>PAS<\/u> INSIGN\u00c9 !<\/p>\n<p>Matrix - NATURE grise ACHAT<\/p>\n<p>Becker Mine - Artigas - URUGUAY<\/p>\n<p>Poids : 1,1 Kg Dimensions : 16 x 13 x 5 cm<\/p>\n<p>La derni\u00e8re image montre l'arri\u00e8re<\/p>","protected":false},"excerpt":{"rendered":"<p>URUGUAY Anethyste de la plus haute qualit\u00e9. FABRIQUE NATURELLE ! NON IRRADI\u00c9E ! Matrice - gris NATURE ACHAT Becker Mine - Artigas - URUGUAY Poids : 1,1 Kg Dimensions : 16 x 13 x 5 cm La derni\u00e8re photo montre le verso<\/p>","protected":false},"featured_media":3364,"template":"","meta":{"_acf_changed":false},"region":[],"product_brand":[],"product_cat":[15],"product_tag":[],"class_list":{"0":"post-2462","1":"product","2":"type-product","3":"status-publish","4":"has-post-thumbnail","6":"product_cat-mineralien","8":"first","9":"outofstock","10":"sold-individually","11":"product-type-simple"},"acf":[],"_links":{"self":[{"href":"https:\/\/westgem.shop\/fr\/wp-json\/wp\/v2\/product\/2462","targetHints":{"allow":["GET"]}}],"collection":[{"href":"https:\/\/westgem.shop\/fr\/wp-json\/wp\/v2\/product"}],"about":[{"href":"https:\/\/westgem.shop\/fr\/wp-json\/wp\/v2\/types\/product"}],"wp:featuredmedia":[{"embeddable":true,"href":"https:\/\/westgem.shop\/fr\/wp-json\/wp\/v2\/media\/3364"}],"wp:attachment":[{"href":"https:\/\/westgem.shop\/fr\/wp-json\/wp\/v2\/media?parent=2462"}],"wp:term":[{"taxonomy":"region","embeddable":true,"href":"https:\/\/westgem.shop\/fr\/wp-json\/wp\/v2\/region?post=2462"},{"taxonomy":"product_brand","embeddable":true,"href":"https:\/\/westgem.shop\/fr\/wp-json\/wp\/v2\/product_brand?post=2462"},{"taxonomy":"product_cat","embeddable":true,"href":"https:\/\/westgem.shop\/fr\/wp-json\/wp\/v2\/product_cat?post=2462"},{"taxonomy":"product_tag","embeddable":true,"href":"https:\/\/westgem.shop\/fr\/wp-json\/wp\/v2\/product_tag?post=2462"}],"curies":[{"name":"wp","href":"https:\/\/api.w.org\/{rel}","templated":true}]}}